{"id":9926,"date":"2020-03-18T19:28:10","date_gmt":"2020-03-18T18:28:10","guid":{"rendered":"https:\/\/modelkars.com\/?post_type=product&#038;p=9926"},"modified":"2025-12-01T01:55:18","modified_gmt":"2025-12-01T00:55:18","slug":"76064-mclaren-p1-blanche","status":"publish","type":"product","link":"https:\/\/modelkars.com\/fr\/shop\/autoart\/76064-mclaren-p1-blanche\/","title":{"rendered":"McLaren P1"},"content":{"rendered":"","protected":false},"excerpt":{"rendered":"<p>Fabriqu\u00e9e par AUTOart, ce mod\u00e8le r\u00e9duit de haute qualit\u00e9 reproduit fid\u00e8lement la McLaren P1 dans une livr\u00e9e blanche avec accents orange. Un cocktail du plus belle effet\u00a0! Cette miniature poss\u00e8de de nombreux ouvrants\u00a0: portes, coffre, et capot moteur permettant d\u2019admirer la mod\u00e9lisation du moteur.<\/p>\n","protected":false},"featured_media":10408,"template":"","meta":{"_seopress_robots_primary_cat":"none","_seopress_titles_title":"","_seopress_titles_desc":"","_seopress_robots_index":""},"product_brand":[],"product_cat":[118],"product_tag":[117,119,84],"class_list":{"0":"post-9926","1":"product","2":"type-product","3":"status-publish","4":"has-post-thumbnail","6":"product_cat-autoart","7":"product_tag-avec-ouvrants","8":"product_tag-composite","9":"product_tag-echelle-118","10":"product_shipping_class-delivengo","12":"first","13":"outofstock","14":"taxable","15":"shipping-taxable","16":"purchasable","17":"product-type-simple"},"_links":{"self":[{"href":"https:\/\/modelkars.com\/fr\/wp-json\/wp\/v2\/product\/9926","targetHints":{"allow":["GET"]}}],"collection":[{"href":"https:\/\/modelkars.com\/fr\/wp-json\/wp\/v2\/product"}],"about":[{"href":"https:\/\/modelkars.com\/fr\/wp-json\/wp\/v2\/types\/product"}],"wp:featuredmedia":[{"embeddable":true,"href":"https:\/\/modelkars.com\/fr\/wp-json\/wp\/v2\/media\/10408"}],"wp:attachment":[{"href":"https:\/\/modelkars.com\/fr\/wp-json\/wp\/v2\/media?parent=9926"}],"wp:term":[{"taxonomy":"product_brand","embeddable":true,"href":"https:\/\/modelkars.com\/fr\/wp-json\/wp\/v2\/product_brand?post=9926"},{"taxonomy":"product_cat","embeddable":true,"href":"https:\/\/modelkars.com\/fr\/wp-json\/wp\/v2\/product_cat?post=9926"},{"taxonomy":"product_tag","embeddable":true,"href":"https:\/\/modelkars.com\/fr\/wp-json\/wp\/v2\/product_tag?post=9926"}],"curies":[{"name":"wp","href":"https:\/\/api.w.org\/{rel}","templated":true}]}}