{"id":9922,"date":"2020-03-18T19:28:08","date_gmt":"2020-03-18T18:28:08","guid":{"rendered":"https:\/\/modelkars.com\/?post_type=product&#038;p=9922"},"modified":"2025-12-01T01:55:19","modified_gmt":"2025-12-01T00:55:19","slug":"73652-jaguar-f-type-r-coupe-noire","status":"publish","type":"product","link":"https:\/\/modelkars.com\/fr\/shop\/autoart\/73652-jaguar-f-type-r-coupe-noire\/","title":{"rendered":"Jaguar F-Type R Coupe"},"content":{"rendered":"","protected":false},"excerpt":{"rendered":"<p>D\u2019une qualit\u00e9 remarquable, cette miniature fabriqu\u00e9e par AUTOart \u00e0 l\u2019\u00e9chelle 1:18 reproduit avec une qualit\u00e9 incomparable la Jaguar F-Type dans sa livr\u00e9e noire mate. Ce mod\u00e8le r\u00e9duit poss\u00e8de de nombreux ouvrants\u00a0: portes, coffre et capot moteur.<\/p>\n","protected":false},"featured_media":10479,"template":"","meta":{"_seopress_robots_primary_cat":"none","_seopress_titles_title":"","_seopress_titles_desc":"","_seopress_robots_index":""},"product_brand":[],"product_cat":[118],"product_tag":[117,119,84],"class_list":{"0":"post-9922","1":"product","2":"type-product","3":"status-publish","4":"has-post-thumbnail","6":"product_cat-autoart","7":"product_tag-avec-ouvrants","8":"product_tag-composite","9":"product_tag-echelle-118","10":"product_shipping_class-delivengo","12":"first","13":"outofstock","14":"taxable","15":"shipping-taxable","16":"purchasable","17":"product-type-simple"},"_links":{"self":[{"href":"https:\/\/modelkars.com\/fr\/wp-json\/wp\/v2\/product\/9922","targetHints":{"allow":["GET"]}}],"collection":[{"href":"https:\/\/modelkars.com\/fr\/wp-json\/wp\/v2\/product"}],"about":[{"href":"https:\/\/modelkars.com\/fr\/wp-json\/wp\/v2\/types\/product"}],"wp:featuredmedia":[{"embeddable":true,"href":"https:\/\/modelkars.com\/fr\/wp-json\/wp\/v2\/media\/10479"}],"wp:attachment":[{"href":"https:\/\/modelkars.com\/fr\/wp-json\/wp\/v2\/media?parent=9922"}],"wp:term":[{"taxonomy":"product_brand","embeddable":true,"href":"https:\/\/modelkars.com\/fr\/wp-json\/wp\/v2\/product_brand?post=9922"},{"taxonomy":"product_cat","embeddable":true,"href":"https:\/\/modelkars.com\/fr\/wp-json\/wp\/v2\/product_cat?post=9922"},{"taxonomy":"product_tag","embeddable":true,"href":"https:\/\/modelkars.com\/fr\/wp-json\/wp\/v2\/product_tag?post=9922"}],"curies":[{"name":"wp","href":"https:\/\/api.w.org\/{rel}","templated":true}]}}