{"id":9915,"date":"2020-05-25T19:28:06","date_gmt":"2020-05-25T17:28:06","guid":{"rendered":"https:\/\/modelkars.com\/?post_type=product&#038;p=9915"},"modified":"2025-12-01T01:55:15","modified_gmt":"2025-12-01T00:55:15","slug":"71733-dodge-viper-acr-2017-grise","status":"publish","type":"product","link":"https:\/\/modelkars.com\/fr\/shop\/autoart\/71733-dodge-viper-acr-2017-grise\/","title":{"rendered":"Dodge Viper ACR 2017"},"content":{"rendered":"","protected":false},"excerpt":{"rendered":"<p>La Dodge Viper ACR est ici reproduite en miniature \u00e0 l&rsquo;\u00e9chelle 1:18 de couleur grise \u00e0 bandes noires. D\u2019une qualit\u00e9 exceptionnelle, cette voiture fabriqu\u00e9e par AUTOart poss\u00e8de les portes et coffre ouvrants, ainsi que le capot moteur permettant d&rsquo;admirer l&rsquo;imposant moteur V10.<\/p>\n","protected":false},"featured_media":10215,"template":"","meta":{"_seopress_robots_primary_cat":"none","_seopress_titles_title":"","_seopress_titles_desc":"","_seopress_robots_index":""},"product_brand":[],"product_cat":[118],"product_tag":[117,119,84],"class_list":{"0":"post-9915","1":"product","2":"type-product","3":"status-publish","4":"has-post-thumbnail","6":"product_cat-autoart","7":"product_tag-avec-ouvrants","8":"product_tag-composite","9":"product_tag-echelle-118","10":"product_shipping_class-delivengo","12":"first","13":"outofstock","14":"taxable","15":"shipping-taxable","16":"purchasable","17":"product-type-simple"},"_links":{"self":[{"href":"https:\/\/modelkars.com\/fr\/wp-json\/wp\/v2\/product\/9915","targetHints":{"allow":["GET"]}}],"collection":[{"href":"https:\/\/modelkars.com\/fr\/wp-json\/wp\/v2\/product"}],"about":[{"href":"https:\/\/modelkars.com\/fr\/wp-json\/wp\/v2\/types\/product"}],"wp:featuredmedia":[{"embeddable":true,"href":"https:\/\/modelkars.com\/fr\/wp-json\/wp\/v2\/media\/10215"}],"wp:attachment":[{"href":"https:\/\/modelkars.com\/fr\/wp-json\/wp\/v2\/media?parent=9915"}],"wp:term":[{"taxonomy":"product_brand","embeddable":true,"href":"https:\/\/modelkars.com\/fr\/wp-json\/wp\/v2\/product_brand?post=9915"},{"taxonomy":"product_cat","embeddable":true,"href":"https:\/\/modelkars.com\/fr\/wp-json\/wp\/v2\/product_cat?post=9915"},{"taxonomy":"product_tag","embeddable":true,"href":"https:\/\/modelkars.com\/fr\/wp-json\/wp\/v2\/product_tag?post=9915"}],"curies":[{"name":"wp","href":"https:\/\/api.w.org\/{rel}","templated":true}]}}