{"id":9913,"date":"2020-04-22T19:28:02","date_gmt":"2020-04-22T17:28:02","guid":{"rendered":"https:\/\/modelkars.com\/?post_type=product&#038;p=9913"},"modified":"2025-12-01T01:55:18","modified_gmt":"2025-12-01T00:55:18","slug":"81807-aston-martin-vantage-gte-lemans-vert","status":"publish","type":"product","link":"https:\/\/modelkars.com\/fr\/shop\/autoart\/81807-aston-martin-vantage-gte-lemans-vert\/","title":{"rendered":"Aston Martin Vantage GTE Le Mans Presentation Car"},"content":{"rendered":"","protected":false},"excerpt":{"rendered":"<p>Cette Aston Martin Vantage GTE est ici reproduite \u00e0 l\u2019\u00e9chelle 1:18 avec une incroyable pr\u00e9cision par le fabricant AUTOart, dans une livr\u00e9e verte de pr\u00e9sentation.<\/p>\n","protected":false},"featured_media":10531,"template":"","meta":{"_seopress_robots_primary_cat":"none","_seopress_titles_title":"","_seopress_titles_desc":"","_seopress_robots_index":""},"product_brand":[],"product_cat":[118],"product_tag":[119,84,85],"class_list":{"0":"post-9913","1":"product","2":"type-product","3":"status-publish","4":"has-post-thumbnail","6":"product_cat-autoart","7":"product_tag-composite","8":"product_tag-echelle-118","9":"product_tag-sans-ouvrants","10":"product_shipping_class-delivengo","12":"first","13":"outofstock","14":"taxable","15":"shipping-taxable","16":"purchasable","17":"product-type-simple"},"_links":{"self":[{"href":"https:\/\/modelkars.com\/fr\/wp-json\/wp\/v2\/product\/9913","targetHints":{"allow":["GET"]}}],"collection":[{"href":"https:\/\/modelkars.com\/fr\/wp-json\/wp\/v2\/product"}],"about":[{"href":"https:\/\/modelkars.com\/fr\/wp-json\/wp\/v2\/types\/product"}],"wp:featuredmedia":[{"embeddable":true,"href":"https:\/\/modelkars.com\/fr\/wp-json\/wp\/v2\/media\/10531"}],"wp:attachment":[{"href":"https:\/\/modelkars.com\/fr\/wp-json\/wp\/v2\/media?parent=9913"}],"wp:term":[{"taxonomy":"product_brand","embeddable":true,"href":"https:\/\/modelkars.com\/fr\/wp-json\/wp\/v2\/product_brand?post=9913"},{"taxonomy":"product_cat","embeddable":true,"href":"https:\/\/modelkars.com\/fr\/wp-json\/wp\/v2\/product_cat?post=9913"},{"taxonomy":"product_tag","embeddable":true,"href":"https:\/\/modelkars.com\/fr\/wp-json\/wp\/v2\/product_tag?post=9913"}],"curies":[{"name":"wp","href":"https:\/\/api.w.org\/{rel}","templated":true}]}}