{"id":9905,"date":"2023-10-20T19:27:59","date_gmt":"2023-10-20T17:27:59","guid":{"rendered":"https:\/\/modelkars.com\/?post_type=product&#038;p=9905"},"modified":"2025-12-01T01:53:33","modified_gmt":"2025-12-01T00:53:33","slug":"wap02117c0l002-porsche-911-turbo-s-992-oak-green","status":"publish","type":"product","link":"https:\/\/modelkars.com\/fr\/shop\/spark\/wap02117c0l002-porsche-911-turbo-s-992-oak-green\/","title":{"rendered":"Porsche 911 (992) Turbo S"},"content":{"rendered":"","protected":false},"excerpt":{"rendered":"<p>Cette Porsche 911 Turbo S de derni\u00e8re g\u00e9n\u00e9ration (992) est ici reproduite en vert Oak par le fabricant Spark \u00e0 l\u2019\u00e9chelle 1:18. Cette voiture miniature fabriqu\u00e9e pour Porsche re\u00e7oit un packaging officiel de la marque, un socle et une vitrine. Limit\u00e9 \u00e0 1000 pi\u00e8ces num\u00e9rot\u00e9es.<\/p>\n","protected":false},"featured_media":47076,"template":"","meta":{"_seopress_robots_primary_cat":"","_seopress_titles_title":"","_seopress_titles_desc":"","_seopress_robots_index":""},"product_brand":[],"product_cat":[216],"product_tag":[84,93,92,85,86,323],"class_list":{"0":"post-9905","1":"product","2":"type-product","3":"status-publish","4":"has-post-thumbnail","6":"product_cat-spark","7":"product_tag-echelle-118","8":"product_tag-edition-limitee","9":"product_tag-resine","10":"product_tag-sans-ouvrants","11":"product_tag-socle-inclus","12":"product_tag-vitrine-incluse","14":"first","15":"outofstock","16":"taxable","17":"shipping-taxable","18":"purchasable","19":"product-type-simple"},"_links":{"self":[{"href":"https:\/\/modelkars.com\/fr\/wp-json\/wp\/v2\/product\/9905","targetHints":{"allow":["GET"]}}],"collection":[{"href":"https:\/\/modelkars.com\/fr\/wp-json\/wp\/v2\/product"}],"about":[{"href":"https:\/\/modelkars.com\/fr\/wp-json\/wp\/v2\/types\/product"}],"wp:featuredmedia":[{"embeddable":true,"href":"https:\/\/modelkars.com\/fr\/wp-json\/wp\/v2\/media\/47076"}],"wp:attachment":[{"href":"https:\/\/modelkars.com\/fr\/wp-json\/wp\/v2\/media?parent=9905"}],"wp:term":[{"taxonomy":"product_brand","embeddable":true,"href":"https:\/\/modelkars.com\/fr\/wp-json\/wp\/v2\/product_brand?post=9905"},{"taxonomy":"product_cat","embeddable":true,"href":"https:\/\/modelkars.com\/fr\/wp-json\/wp\/v2\/product_cat?post=9905"},{"taxonomy":"product_tag","embeddable":true,"href":"https:\/\/modelkars.com\/fr\/wp-json\/wp\/v2\/product_tag?post=9905"}],"curies":[{"name":"wp","href":"https:\/\/api.w.org\/{rel}","templated":true}]}}