{"id":9897,"date":"2021-05-11T17:27:57","date_gmt":"2021-05-11T15:27:57","guid":{"rendered":"https:\/\/modelkars.com\/?post_type=product&#038;p=9897"},"modified":"2025-12-01T01:54:51","modified_gmt":"2025-12-01T00:54:51","slug":"us027-ford-gt-heritage-edition-1966-1","status":"publish","type":"product","link":"https:\/\/modelkars.com\/fr\/shop\/gt-spirit\/us027-ford-gt-heritage-edition-1966-1\/","title":{"rendered":"Ford GT Le Mans 1966 Tribute #1"},"content":{"rendered":"","protected":false},"excerpt":{"rendered":"<p>Cette superbe Ford GT poss\u00e8de une livr\u00e9e sp\u00e9ciale imagin\u00e9e par l&rsquo;artiste Marco Van Overbeeke, en hommage \u00e0 la Ford GT40 arriv\u00e9e seconde aux 24 Heures du Mans 1966. Reproduite par GT Spirit \u00e0 l\u2019\u00e9chelle 1:18, ce mod\u00e8le r\u00e9duit de haute qualit\u00e9 est produit en quantit\u00e9 tr\u00e8s limit\u00e9e, chaque exemplaire porte un num\u00e9ro unique.<\/p>\n","protected":false},"featured_media":11422,"template":"","meta":{"_seopress_robots_primary_cat":"none","_seopress_titles_title":"","_seopress_titles_desc":"","_seopress_robots_index":""},"product_brand":[],"product_cat":[71],"product_tag":[84,93,92,85],"class_list":{"0":"post-9897","1":"product","2":"type-product","3":"status-publish","4":"has-post-thumbnail","6":"product_cat-gt-spirit","7":"product_tag-echelle-118","8":"product_tag-edition-limitee","9":"product_tag-resine","10":"product_tag-sans-ouvrants","11":"product_shipping_class-delivengo","13":"first","14":"outofstock","15":"taxable","16":"shipping-taxable","17":"purchasable","18":"product-type-simple"},"_links":{"self":[{"href":"https:\/\/modelkars.com\/fr\/wp-json\/wp\/v2\/product\/9897","targetHints":{"allow":["GET"]}}],"collection":[{"href":"https:\/\/modelkars.com\/fr\/wp-json\/wp\/v2\/product"}],"about":[{"href":"https:\/\/modelkars.com\/fr\/wp-json\/wp\/v2\/types\/product"}],"wp:featuredmedia":[{"embeddable":true,"href":"https:\/\/modelkars.com\/fr\/wp-json\/wp\/v2\/media\/11422"}],"wp:attachment":[{"href":"https:\/\/modelkars.com\/fr\/wp-json\/wp\/v2\/media?parent=9897"}],"wp:term":[{"taxonomy":"product_brand","embeddable":true,"href":"https:\/\/modelkars.com\/fr\/wp-json\/wp\/v2\/product_brand?post=9897"},{"taxonomy":"product_cat","embeddable":true,"href":"https:\/\/modelkars.com\/fr\/wp-json\/wp\/v2\/product_cat?post=9897"},{"taxonomy":"product_tag","embeddable":true,"href":"https:\/\/modelkars.com\/fr\/wp-json\/wp\/v2\/product_tag?post=9897"}],"curies":[{"name":"wp","href":"https:\/\/api.w.org\/{rel}","templated":true}]}}