{"id":9894,"date":"2021-03-18T19:27:56","date_gmt":"2021-03-18T18:27:56","guid":{"rendered":"https:\/\/modelkars.com\/?post_type=product&#038;p=9894"},"modified":"2025-12-02T00:00:42","modified_gmt":"2025-12-01T23:00:42","slug":"us024-jeep-gladiator-rubicon-rouge","status":"publish","type":"product","link":"https:\/\/modelkars.com\/fr\/shop\/gt-spirit\/us024-jeep-gladiator-rubicon-rouge\/","title":{"rendered":"Jeep Gladiator Rubicon"},"content":{"rendered":"","protected":false},"excerpt":{"rendered":"<p>Cette superbe Jeep Gladiator Rubicon est fid\u00e8lement reproduit \u00e0 l&rsquo;\u00e9chelle 1:18 par GT Spirit dans une livr\u00e9e rouge Firecracker. Un mod\u00e8le d&rsquo;une incroyable pr\u00e9cision r\u00e9alis\u00e9 en r\u00e9sine et limit\u00e9 \u00e0 quelques exemplaires, chacun portant un num\u00e9ro unique sous le ch\u00e2ssis.<\/p>\n","protected":false},"featured_media":9931,"template":"","meta":{"_seopress_robots_primary_cat":"none","_seopress_titles_title":"","_seopress_titles_desc":"","_seopress_robots_index":""},"product_brand":[],"product_cat":[71],"product_tag":[84,93,92,85],"class_list":{"0":"post-9894","1":"product","2":"type-product","3":"status-publish","4":"has-post-thumbnail","6":"product_cat-gt-spirit","7":"product_tag-echelle-118","8":"product_tag-edition-limitee","9":"product_tag-resine","10":"product_tag-sans-ouvrants","11":"product_shipping_class-delivengo","13":"first","14":"instock","15":"taxable","16":"shipping-taxable","17":"purchasable","18":"product-type-simple"},"_links":{"self":[{"href":"https:\/\/modelkars.com\/fr\/wp-json\/wp\/v2\/product\/9894","targetHints":{"allow":["GET"]}}],"collection":[{"href":"https:\/\/modelkars.com\/fr\/wp-json\/wp\/v2\/product"}],"about":[{"href":"https:\/\/modelkars.com\/fr\/wp-json\/wp\/v2\/types\/product"}],"wp:featuredmedia":[{"embeddable":true,"href":"https:\/\/modelkars.com\/fr\/wp-json\/wp\/v2\/media\/9931"}],"wp:attachment":[{"href":"https:\/\/modelkars.com\/fr\/wp-json\/wp\/v2\/media?parent=9894"}],"wp:term":[{"taxonomy":"product_brand","embeddable":true,"href":"https:\/\/modelkars.com\/fr\/wp-json\/wp\/v2\/product_brand?post=9894"},{"taxonomy":"product_cat","embeddable":true,"href":"https:\/\/modelkars.com\/fr\/wp-json\/wp\/v2\/product_cat?post=9894"},{"taxonomy":"product_tag","embeddable":true,"href":"https:\/\/modelkars.com\/fr\/wp-json\/wp\/v2\/product_tag?post=9894"}],"curies":[{"name":"wp","href":"https:\/\/api.w.org\/{rel}","templated":true}]}}