{"id":9891,"date":"2020-03-18T19:27:55","date_gmt":"2020-03-18T18:27:55","guid":{"rendered":"https:\/\/modelkars.com\/?post_type=product&#038;p=9891"},"modified":"2025-12-01T01:55:19","modified_gmt":"2025-12-01T00:55:19","slug":"9548bk-bugatti-chiron-noir","status":"publish","type":"product","link":"https:\/\/modelkars.com\/fr\/shop\/kyosho\/9548bk-bugatti-chiron-noir\/","title":{"rendered":"Bugatti Chiron"},"content":{"rendered":"","protected":false},"excerpt":{"rendered":"<p>Cette Bugatti Chiron noire est reproduite avec une tr\u00e8s grande qualit\u00e9 \u00e0 l\u2019\u00e9chelle 1:18 par Kyosho (Ousia). Elle ravira tous les amateurs de supercars de prestige !<\/p>\n","protected":false},"featured_media":10180,"template":"","meta":{"_seopress_robots_primary_cat":"none","_seopress_titles_title":"","_seopress_titles_desc":"","_seopress_robots_index":""},"product_brand":[],"product_cat":[75],"product_tag":[84,85],"class_list":{"0":"post-9891","1":"product","2":"type-product","3":"status-publish","4":"has-post-thumbnail","6":"product_cat-kyosho","7":"product_tag-echelle-118","8":"product_tag-sans-ouvrants","9":"product_shipping_class-delivengo","11":"first","12":"outofstock","13":"taxable","14":"shipping-taxable","15":"purchasable","16":"product-type-simple"},"_links":{"self":[{"href":"https:\/\/modelkars.com\/fr\/wp-json\/wp\/v2\/product\/9891","targetHints":{"allow":["GET"]}}],"collection":[{"href":"https:\/\/modelkars.com\/fr\/wp-json\/wp\/v2\/product"}],"about":[{"href":"https:\/\/modelkars.com\/fr\/wp-json\/wp\/v2\/types\/product"}],"wp:featuredmedia":[{"embeddable":true,"href":"https:\/\/modelkars.com\/fr\/wp-json\/wp\/v2\/media\/10180"}],"wp:attachment":[{"href":"https:\/\/modelkars.com\/fr\/wp-json\/wp\/v2\/media?parent=9891"}],"wp:term":[{"taxonomy":"product_brand","embeddable":true,"href":"https:\/\/modelkars.com\/fr\/wp-json\/wp\/v2\/product_brand?post=9891"},{"taxonomy":"product_cat","embeddable":true,"href":"https:\/\/modelkars.com\/fr\/wp-json\/wp\/v2\/product_cat?post=9891"},{"taxonomy":"product_tag","embeddable":true,"href":"https:\/\/modelkars.com\/fr\/wp-json\/wp\/v2\/product_tag?post=9891"}],"curies":[{"name":"wp","href":"https:\/\/api.w.org\/{rel}","templated":true}]}}