{"id":9887,"date":"2020-03-18T19:27:53","date_gmt":"2020-03-18T18:27:53","guid":{"rendered":"https:\/\/modelkars.com\/?post_type=product&#038;p=9887"},"modified":"2025-12-01T01:55:20","modified_gmt":"2025-12-01T00:55:20","slug":"kj037-ferrari-308-gtb-liberty-walk-blanche","status":"publish","type":"product","link":"https:\/\/modelkars.com\/fr\/shop\/gt-spirit\/kj037-ferrari-308-gtb-liberty-walk-blanche\/","title":{"rendered":"Ferrari 308 GTB LB-Works"},"content":{"rendered":"","protected":false},"excerpt":{"rendered":"<p>Rien n\u2019arr\u00eate Liberty Walk qui s\u2019attaque cette fois-ci \u00e0 une l\u00e9gende italienne, la Ferrari 308 GTB. Reproduite \u00e0 l\u2019\u00e9chelle 1:18 par GT Spirit dans une livr\u00e9e blanche, cette miniature en r\u00e9sine est produite en quantit\u00e9 tr\u00e8s limit\u00e9e pour le march\u00e9 asiatique.<\/p>\n","protected":false},"featured_media":10165,"template":"","meta":{"_seopress_robots_primary_cat":"none","_seopress_titles_title":"","_seopress_titles_desc":"","_seopress_robots_index":""},"product_brand":[],"product_cat":[71],"product_tag":[84,93,92,85],"class_list":{"0":"post-9887","1":"product","2":"type-product","3":"status-publish","4":"has-post-thumbnail","6":"product_cat-gt-spirit","7":"product_tag-echelle-118","8":"product_tag-edition-limitee","9":"product_tag-resine","10":"product_tag-sans-ouvrants","11":"product_shipping_class-delivengo","13":"first","14":"outofstock","15":"taxable","16":"shipping-taxable","17":"purchasable","18":"product-type-simple"},"_links":{"self":[{"href":"https:\/\/modelkars.com\/fr\/wp-json\/wp\/v2\/product\/9887","targetHints":{"allow":["GET"]}}],"collection":[{"href":"https:\/\/modelkars.com\/fr\/wp-json\/wp\/v2\/product"}],"about":[{"href":"https:\/\/modelkars.com\/fr\/wp-json\/wp\/v2\/types\/product"}],"wp:featuredmedia":[{"embeddable":true,"href":"https:\/\/modelkars.com\/fr\/wp-json\/wp\/v2\/media\/10165"}],"wp:attachment":[{"href":"https:\/\/modelkars.com\/fr\/wp-json\/wp\/v2\/media?parent=9887"}],"wp:term":[{"taxonomy":"product_brand","embeddable":true,"href":"https:\/\/modelkars.com\/fr\/wp-json\/wp\/v2\/product_brand?post=9887"},{"taxonomy":"product_cat","embeddable":true,"href":"https:\/\/modelkars.com\/fr\/wp-json\/wp\/v2\/product_cat?post=9887"},{"taxonomy":"product_tag","embeddable":true,"href":"https:\/\/modelkars.com\/fr\/wp-json\/wp\/v2\/product_tag?post=9887"}],"curies":[{"name":"wp","href":"https:\/\/api.w.org\/{rel}","templated":true}]}}