{"id":9886,"date":"2020-03-18T19:27:53","date_gmt":"2020-03-18T18:27:53","guid":{"rendered":"https:\/\/modelkars.com\/?post_type=product&#038;p=9886"},"modified":"2025-12-01T01:55:20","modified_gmt":"2025-12-01T00:55:20","slug":"us022-ford-f150-shelby-super-snake-gris","status":"publish","type":"product","link":"https:\/\/modelkars.com\/fr\/shop\/gt-spirit\/us022-ford-f150-shelby-super-snake-gris\/","title":{"rendered":"Ford F-150 Shelby Super Snake"},"content":{"rendered":"","protected":false},"excerpt":{"rendered":"<p>L\u2019embl\u00e9matique pick-up de Ford est ici reproduite \u00e0 l\u2019\u00e9chelle 1:18 par GT Spirit dans une superbe livr\u00e9e grise. Cette miniature fabriqu\u00e9e en r\u00e9sine sera produite en quantit\u00e9 tr\u00e8s limit\u00e9e et num\u00e9rot\u00e9e.<\/p>\n","protected":false},"featured_media":10139,"template":"","meta":{"_seopress_robots_primary_cat":"none","_seopress_titles_title":"","_seopress_titles_desc":"","_seopress_robots_index":""},"product_brand":[],"product_cat":[71],"product_tag":[84,93,92,85],"class_list":{"0":"post-9886","1":"product","2":"type-product","3":"status-publish","4":"has-post-thumbnail","6":"product_cat-gt-spirit","7":"product_tag-echelle-118","8":"product_tag-edition-limitee","9":"product_tag-resine","10":"product_tag-sans-ouvrants","12":"first","13":"outofstock","14":"taxable","15":"shipping-taxable","16":"purchasable","17":"product-type-simple"},"_links":{"self":[{"href":"https:\/\/modelkars.com\/fr\/wp-json\/wp\/v2\/product\/9886","targetHints":{"allow":["GET"]}}],"collection":[{"href":"https:\/\/modelkars.com\/fr\/wp-json\/wp\/v2\/product"}],"about":[{"href":"https:\/\/modelkars.com\/fr\/wp-json\/wp\/v2\/types\/product"}],"wp:featuredmedia":[{"embeddable":true,"href":"https:\/\/modelkars.com\/fr\/wp-json\/wp\/v2\/media\/10139"}],"wp:attachment":[{"href":"https:\/\/modelkars.com\/fr\/wp-json\/wp\/v2\/media?parent=9886"}],"wp:term":[{"taxonomy":"product_brand","embeddable":true,"href":"https:\/\/modelkars.com\/fr\/wp-json\/wp\/v2\/product_brand?post=9886"},{"taxonomy":"product_cat","embeddable":true,"href":"https:\/\/modelkars.com\/fr\/wp-json\/wp\/v2\/product_cat?post=9886"},{"taxonomy":"product_tag","embeddable":true,"href":"https:\/\/modelkars.com\/fr\/wp-json\/wp\/v2\/product_tag?post=9886"}],"curies":[{"name":"wp","href":"https:\/\/api.w.org\/{rel}","templated":true}]}}