{"id":96333,"date":"2026-01-26T00:00:01","date_gmt":"2026-01-25T23:00:01","guid":{"rendered":"https:\/\/modelkars.com\/?post_type=product&#038;p=96333"},"modified":"2026-01-29T21:19:21","modified_gmt":"2026-01-29T20:19:21","slug":"im1837pbm-porsche-911-992-gt3-rs-coffre-de-toit-pts-acid-green-jantes-gun-metal","status":"publish","type":"product","link":"https:\/\/modelkars.com\/fr\/shop\/ivy-model\/im1837pbm-porsche-911-992-gt3-rs-coffre-de-toit-pts-acid-green-jantes-gun-metal\/","title":{"rendered":"Porsche 911 (992) GT3 RS + coffre de toit"},"content":{"rendered":"","protected":false},"excerpt":{"rendered":"<p>Cette Porsche 911 GT3 RS (992) \u00e0 l&rsquo;\u00e9chelle 1:18 arbore une teinte PTS Acid Green avec des jantes Gun Metal et un coffre de toit amovible. Fabriqu\u00e9e en r\u00e9sine par IVY Model, elle est limit\u00e9e \u00e0 15 exemplaires et livr\u00e9e avec socle et vitrine. Le GT3 RS d\u00e9veloppe 525 chevaux et g\u00e9n\u00e8re un impressionnant appui a\u00e9rodynamique de 409 kg \u00e0 200 km\/h.<\/p>\n","protected":false},"featured_media":96398,"template":"","meta":{"_seopress_robots_primary_cat":"","_seopress_titles_title":"","_seopress_titles_desc":"","_seopress_robots_index":""},"product_brand":[],"product_cat":[652],"product_tag":[84,93,92,85,86,323],"class_list":{"0":"post-96333","1":"product","2":"type-product","3":"status-publish","4":"has-post-thumbnail","6":"product_cat-ivy-model","7":"product_tag-echelle-118","8":"product_tag-edition-limitee","9":"product_tag-resine","10":"product_tag-sans-ouvrants","11":"product_tag-socle-inclus","12":"product_tag-vitrine-incluse","14":"first","15":"outofstock","16":"taxable","17":"shipping-taxable","18":"purchasable","19":"product-type-simple"},"_links":{"self":[{"href":"https:\/\/modelkars.com\/fr\/wp-json\/wp\/v2\/product\/96333","targetHints":{"allow":["GET"]}}],"collection":[{"href":"https:\/\/modelkars.com\/fr\/wp-json\/wp\/v2\/product"}],"about":[{"href":"https:\/\/modelkars.com\/fr\/wp-json\/wp\/v2\/types\/product"}],"wp:featuredmedia":[{"embeddable":true,"href":"https:\/\/modelkars.com\/fr\/wp-json\/wp\/v2\/media\/96398"}],"wp:attachment":[{"href":"https:\/\/modelkars.com\/fr\/wp-json\/wp\/v2\/media?parent=96333"}],"wp:term":[{"taxonomy":"product_brand","embeddable":true,"href":"https:\/\/modelkars.com\/fr\/wp-json\/wp\/v2\/product_brand?post=96333"},{"taxonomy":"product_cat","embeddable":true,"href":"https:\/\/modelkars.com\/fr\/wp-json\/wp\/v2\/product_cat?post=96333"},{"taxonomy":"product_tag","embeddable":true,"href":"https:\/\/modelkars.com\/fr\/wp-json\/wp\/v2\/product_tag?post=96333"}],"curies":[{"name":"wp","href":"https:\/\/api.w.org\/{rel}","templated":true}]}}