{"id":94085,"date":"2026-01-05T20:28:29","date_gmt":"2026-01-05T19:28:29","guid":{"rendered":"https:\/\/modelkars.com\/?post_type=product&#038;p=94085"},"modified":"2026-03-22T00:09:38","modified_gmt":"2026-03-21T23:09:38","slug":"gt993-bmw-m5-cs-gris","status":"publish","type":"product","link":"https:\/\/modelkars.com\/fr\/shop\/gt-spirit\/gt993-bmw-m5-cs-gris\/","title":{"rendered":"BMW M5 CS"},"content":{"rendered":"","protected":false},"excerpt":{"rendered":"<p>Cette BMW M5 CS \u00e0 l&rsquo;\u00e9chelle 1:18 arbore un coloris gris. Produite en r\u00e9sine par GT Spirit en s\u00e9rie limit\u00e9e, elle repr\u00e9sente la d\u00e9clinaison la plus radicale de la berline sportive bavaroise. La M5 CS combine performances extr\u00eames et raffinement, illustrant le savoir-faire de BMW M dans l&rsquo;art de transformer une berline familiale en machine de circuit.<\/p>\n","protected":false},"featured_media":94102,"template":"","meta":{"_seopress_robots_primary_cat":"","_seopress_titles_title":"","_seopress_titles_desc":"","_seopress_robots_index":""},"product_brand":[],"product_cat":[71,163],"product_tag":[84,93,685,92,85],"class_list":{"0":"post-94085","1":"product","2":"type-product","3":"status-publish","4":"has-post-thumbnail","6":"product_cat-gt-spirit","7":"product_cat-precommandes","8":"product_tag-echelle-118","9":"product_tag-edition-limitee","10":"product_tag-juillet-2026","11":"product_tag-resine","12":"product_tag-sans-ouvrants","14":"first","15":"instock","16":"taxable","17":"shipping-taxable","18":"purchasable","19":"product-type-simple"},"_links":{"self":[{"href":"https:\/\/modelkars.com\/fr\/wp-json\/wp\/v2\/product\/94085","targetHints":{"allow":["GET"]}}],"collection":[{"href":"https:\/\/modelkars.com\/fr\/wp-json\/wp\/v2\/product"}],"about":[{"href":"https:\/\/modelkars.com\/fr\/wp-json\/wp\/v2\/types\/product"}],"wp:featuredmedia":[{"embeddable":true,"href":"https:\/\/modelkars.com\/fr\/wp-json\/wp\/v2\/media\/94102"}],"wp:attachment":[{"href":"https:\/\/modelkars.com\/fr\/wp-json\/wp\/v2\/media?parent=94085"}],"wp:term":[{"taxonomy":"product_brand","embeddable":true,"href":"https:\/\/modelkars.com\/fr\/wp-json\/wp\/v2\/product_brand?post=94085"},{"taxonomy":"product_cat","embeddable":true,"href":"https:\/\/modelkars.com\/fr\/wp-json\/wp\/v2\/product_cat?post=94085"},{"taxonomy":"product_tag","embeddable":true,"href":"https:\/\/modelkars.com\/fr\/wp-json\/wp\/v2\/product_tag?post=94085"}],"curies":[{"name":"wp","href":"https:\/\/api.w.org\/{rel}","templated":true}]}}