{"id":94083,"date":"2026-01-05T20:28:28","date_gmt":"2026-01-05T19:28:28","guid":{"rendered":"https:\/\/modelkars.com\/?post_type=product&#038;p=94083"},"modified":"2026-04-25T09:44:32","modified_gmt":"2026-04-25T07:44:32","slug":"gt578-nilu27-nilu-blanc","status":"publish","type":"product","link":"https:\/\/modelkars.com\/fr\/shop\/gt-spirit\/gt578-nilu27-nilu-blanc\/","title":{"rendered":"Nilu27 NILU"},"content":{"rendered":"","protected":false},"excerpt":{"rendered":"<p>Cette NILU \u00e0 l&rsquo;\u00e9chelle 1:18 arbore un coloris blanc immacul\u00e9. Fabriqu\u00e9e en r\u00e9sine par GT Spirit en s\u00e9rie limit\u00e9e, elle rend hommage \u00e0 l&rsquo;hypercar analogique con\u00e7ue par Sasha Selipanov. Le moteur V12 atmosph\u00e9rique de 6,5 litres d\u00e9veloppe 1070 chevaux \u00e0 11000 tr\/min et s&rsquo;associe \u00e0 une bo\u00eete manuelle \u00e0 7 rapports \u00e0 grille ouverte, r\u00e9affirmant la philosophie puriste face \u00e0 l&rsquo;\u00e9lectrification.<\/p>\n","protected":false},"featured_media":94094,"template":"","meta":{"_seopress_robots_primary_cat":"","_seopress_titles_title":"","_seopress_titles_desc":"","_seopress_robots_index":""},"product_brand":[],"product_cat":[71,163],"product_tag":[84,93,685,92,85],"class_list":{"0":"post-94083","1":"product","2":"type-product","3":"status-publish","4":"has-post-thumbnail","6":"product_cat-gt-spirit","7":"product_cat-precommandes","8":"product_tag-echelle-118","9":"product_tag-edition-limitee","10":"product_tag-juillet-2026","11":"product_tag-resine","12":"product_tag-sans-ouvrants","14":"first","15":"instock","16":"taxable","17":"shipping-taxable","18":"purchasable","19":"product-type-simple"},"_links":{"self":[{"href":"https:\/\/modelkars.com\/fr\/wp-json\/wp\/v2\/product\/94083","targetHints":{"allow":["GET"]}}],"collection":[{"href":"https:\/\/modelkars.com\/fr\/wp-json\/wp\/v2\/product"}],"about":[{"href":"https:\/\/modelkars.com\/fr\/wp-json\/wp\/v2\/types\/product"}],"wp:featuredmedia":[{"embeddable":true,"href":"https:\/\/modelkars.com\/fr\/wp-json\/wp\/v2\/media\/94094"}],"wp:attachment":[{"href":"https:\/\/modelkars.com\/fr\/wp-json\/wp\/v2\/media?parent=94083"}],"wp:term":[{"taxonomy":"product_brand","embeddable":true,"href":"https:\/\/modelkars.com\/fr\/wp-json\/wp\/v2\/product_brand?post=94083"},{"taxonomy":"product_cat","embeddable":true,"href":"https:\/\/modelkars.com\/fr\/wp-json\/wp\/v2\/product_cat?post=94083"},{"taxonomy":"product_tag","embeddable":true,"href":"https:\/\/modelkars.com\/fr\/wp-json\/wp\/v2\/product_tag?post=94083"}],"curies":[{"name":"wp","href":"https:\/\/api.w.org\/{rel}","templated":true}]}}