{"id":94080,"date":"2026-01-05T20:28:28","date_gmt":"2026-01-05T19:28:28","guid":{"rendered":"https:\/\/modelkars.com\/?post_type=product&#038;p=94080"},"modified":"2026-03-02T19:44:59","modified_gmt":"2026-03-02T18:44:59","slug":"gt971-mclaren-gts-rouge","status":"publish","type":"product","link":"https:\/\/modelkars.com\/fr\/shop\/gt-spirit\/gt971-mclaren-gts-rouge\/","title":{"rendered":"McLaren GTS"},"content":{"rendered":"","protected":false},"excerpt":{"rendered":"<p>Cette McLaren GTS \u00e0 l&rsquo;\u00e9chelle 1:18 est r\u00e9alis\u00e9e en r\u00e9sine par GT Spirit dans un coloris rouge en s\u00e9rie limit\u00e9e. La GTS repr\u00e9sente la version grand tourisme de la gamme McLaren, offrant un \u00e9quilibre raffin\u00e9 entre performances sportives et confort au quotidien, fid\u00e8le \u00e0 la philosophie de la marque britannique.<\/p>\n","protected":false},"featured_media":94098,"template":"","meta":{"_seopress_robots_primary_cat":"","_seopress_titles_title":"","_seopress_titles_desc":"","_seopress_robots_index":""},"product_brand":[],"product_cat":[71,163],"product_tag":[84,93,685,92,85],"class_list":{"0":"post-94080","1":"product","2":"type-product","3":"status-publish","4":"has-post-thumbnail","6":"product_cat-gt-spirit","7":"product_cat-precommandes","8":"product_tag-echelle-118","9":"product_tag-edition-limitee","10":"product_tag-juillet-2026","11":"product_tag-resine","12":"product_tag-sans-ouvrants","14":"first","15":"instock","16":"taxable","17":"shipping-taxable","18":"purchasable","19":"product-type-simple"},"_links":{"self":[{"href":"https:\/\/modelkars.com\/fr\/wp-json\/wp\/v2\/product\/94080","targetHints":{"allow":["GET"]}}],"collection":[{"href":"https:\/\/modelkars.com\/fr\/wp-json\/wp\/v2\/product"}],"about":[{"href":"https:\/\/modelkars.com\/fr\/wp-json\/wp\/v2\/types\/product"}],"wp:featuredmedia":[{"embeddable":true,"href":"https:\/\/modelkars.com\/fr\/wp-json\/wp\/v2\/media\/94098"}],"wp:attachment":[{"href":"https:\/\/modelkars.com\/fr\/wp-json\/wp\/v2\/media?parent=94080"}],"wp:term":[{"taxonomy":"product_brand","embeddable":true,"href":"https:\/\/modelkars.com\/fr\/wp-json\/wp\/v2\/product_brand?post=94080"},{"taxonomy":"product_cat","embeddable":true,"href":"https:\/\/modelkars.com\/fr\/wp-json\/wp\/v2\/product_cat?post=94080"},{"taxonomy":"product_tag","embeddable":true,"href":"https:\/\/modelkars.com\/fr\/wp-json\/wp\/v2\/product_tag?post=94080"}],"curies":[{"name":"wp","href":"https:\/\/api.w.org\/{rel}","templated":true}]}}