{"id":94077,"date":"2026-01-05T20:28:28","date_gmt":"2026-01-05T19:28:28","guid":{"rendered":"https:\/\/modelkars.com\/?post_type=product&#038;p=94077"},"modified":"2026-03-02T19:44:58","modified_gmt":"2026-03-02T18:44:58","slug":"gts800802-shelby-cobra-427-s-c-bleu","status":"publish","type":"product","link":"https:\/\/modelkars.com\/fr\/shop\/gt-spirit\/gts800802-shelby-cobra-427-s-c-bleu\/","title":{"rendered":"Shelby Cobra 427 S\/C"},"content":{"rendered":"","protected":false},"excerpt":{"rendered":"<p>Cette Shelby Cobra 427 S\/C \u00e0 l&rsquo;\u00e9chelle 1:8 arbore une livr\u00e9e bleue embl\u00e9matique. Produite en r\u00e9sine par GT Spirit avec socle et vitrine en s\u00e9rie limit\u00e9e, elle c\u00e9l\u00e8bre l&rsquo;une des sportives am\u00e9ricaines les plus iconiques. La Cobra 427 S\/C d\u00e9veloppait plus de 485 chevaux et pouvait atteindre 100 km\/h en moins de 4 secondes d\u00e8s les ann\u00e9es 1960. Mod\u00e8le livr\u00e9 sur palette.<\/p>\n","protected":false},"featured_media":94105,"template":"","meta":{"_seopress_robots_primary_cat":"","_seopress_titles_title":"","_seopress_titles_desc":"","_seopress_robots_index":""},"product_brand":[],"product_cat":[71,163],"product_tag":[189,93,685,92,85,86,323],"class_list":{"0":"post-94077","1":"product","2":"type-product","3":"status-publish","4":"has-post-thumbnail","6":"product_cat-gt-spirit","7":"product_cat-precommandes","8":"product_tag-echelle-18","9":"product_tag-edition-limitee","10":"product_tag-juillet-2026","11":"product_tag-resine","12":"product_tag-sans-ouvrants","13":"product_tag-socle-inclus","14":"product_tag-vitrine-incluse","16":"first","17":"outofstock","18":"taxable","19":"shipping-taxable","20":"purchasable","21":"product-type-simple"},"_links":{"self":[{"href":"https:\/\/modelkars.com\/fr\/wp-json\/wp\/v2\/product\/94077","targetHints":{"allow":["GET"]}}],"collection":[{"href":"https:\/\/modelkars.com\/fr\/wp-json\/wp\/v2\/product"}],"about":[{"href":"https:\/\/modelkars.com\/fr\/wp-json\/wp\/v2\/types\/product"}],"wp:featuredmedia":[{"embeddable":true,"href":"https:\/\/modelkars.com\/fr\/wp-json\/wp\/v2\/media\/94105"}],"wp:attachment":[{"href":"https:\/\/modelkars.com\/fr\/wp-json\/wp\/v2\/media?parent=94077"}],"wp:term":[{"taxonomy":"product_brand","embeddable":true,"href":"https:\/\/modelkars.com\/fr\/wp-json\/wp\/v2\/product_brand?post=94077"},{"taxonomy":"product_cat","embeddable":true,"href":"https:\/\/modelkars.com\/fr\/wp-json\/wp\/v2\/product_cat?post=94077"},{"taxonomy":"product_tag","embeddable":true,"href":"https:\/\/modelkars.com\/fr\/wp-json\/wp\/v2\/product_tag?post=94077"}],"curies":[{"name":"wp","href":"https:\/\/api.w.org\/{rel}","templated":true}]}}