{"id":94076,"date":"2026-01-05T20:28:28","date_gmt":"2026-01-05T19:28:28","guid":{"rendered":"https:\/\/modelkars.com\/?post_type=product&#038;p=94076"},"modified":"2026-05-01T09:30:34","modified_gmt":"2026-05-01T07:30:34","slug":"gt992-land-rover-defender-90-p400-x-dynamic-hse-noir","status":"publish","type":"product","link":"https:\/\/modelkars.com\/fr\/shop\/gt-spirit\/gt992-land-rover-defender-90-p400-x-dynamic-hse-noir\/","title":{"rendered":"Land Rover Defender 90 P400 X-Dynamic HSE"},"content":{"rendered":"","protected":false},"excerpt":{"rendered":"<p>Ce Land Rover Defender 90 P400 X-Dynamic HSE \u00e0 l&rsquo;\u00e9chelle 1:18 est r\u00e9alis\u00e9 en r\u00e9sine par GT Spirit dans un coloris noir en s\u00e9rie limit\u00e9e. Cette version moderne du l\u00e9gendaire tout-terrain britannique m\u00eale capacit\u00e9s hors-route exceptionnelles et technologies contemporaines, tout en conservant la silhouette iconique qui a fait la renomm\u00e9e du mod\u00e8le original depuis 1948.<\/p>\n","protected":false},"featured_media":101528,"template":"","meta":{"_seopress_robots_primary_cat":"","_seopress_titles_title":"","_seopress_titles_desc":"","_seopress_robots_index":""},"product_brand":[],"product_cat":[71,163],"product_tag":[84,93,684,92,85],"class_list":{"0":"post-94076","1":"product","2":"type-product","3":"status-publish","4":"has-post-thumbnail","6":"product_cat-gt-spirit","7":"product_cat-precommandes","8":"product_tag-echelle-118","9":"product_tag-edition-limitee","10":"product_tag-juin-2026","11":"product_tag-resine","12":"product_tag-sans-ouvrants","14":"first","15":"outofstock","16":"taxable","17":"shipping-taxable","18":"purchasable","19":"product-type-simple"},"_links":{"self":[{"href":"https:\/\/modelkars.com\/fr\/wp-json\/wp\/v2\/product\/94076","targetHints":{"allow":["GET"]}}],"collection":[{"href":"https:\/\/modelkars.com\/fr\/wp-json\/wp\/v2\/product"}],"about":[{"href":"https:\/\/modelkars.com\/fr\/wp-json\/wp\/v2\/types\/product"}],"wp:featuredmedia":[{"embeddable":true,"href":"https:\/\/modelkars.com\/fr\/wp-json\/wp\/v2\/media\/101528"}],"wp:attachment":[{"href":"https:\/\/modelkars.com\/fr\/wp-json\/wp\/v2\/media?parent=94076"}],"wp:term":[{"taxonomy":"product_brand","embeddable":true,"href":"https:\/\/modelkars.com\/fr\/wp-json\/wp\/v2\/product_brand?post=94076"},{"taxonomy":"product_cat","embeddable":true,"href":"https:\/\/modelkars.com\/fr\/wp-json\/wp\/v2\/product_cat?post=94076"},{"taxonomy":"product_tag","embeddable":true,"href":"https:\/\/modelkars.com\/fr\/wp-json\/wp\/v2\/product_tag?post=94076"}],"curies":[{"name":"wp","href":"https:\/\/api.w.org\/{rel}","templated":true}]}}