{"id":94075,"date":"2026-01-05T20:28:28","date_gmt":"2026-01-05T19:28:28","guid":{"rendered":"https:\/\/modelkars.com\/?post_type=product&#038;p=94075"},"modified":"2026-01-30T22:35:03","modified_gmt":"2026-01-30T21:35:03","slug":"gt549-alpina-b3-gt-touring-vert","status":"publish","type":"product","link":"https:\/\/modelkars.com\/fr\/shop\/gt-spirit\/gt549-alpina-b3-gt-touring-vert\/","title":{"rendered":"Alpina B3 GT Touring"},"content":{"rendered":"","protected":false},"excerpt":{"rendered":"<p>Cette Alpina B3 GT Touring \u00e0 l&rsquo;\u00e9chelle 1:18 arbore un coloris vert. Fabriqu\u00e9e en r\u00e9sine par GT Spirit en s\u00e9rie limit\u00e9e, elle incarne l&rsquo;\u00e9l\u00e9gance sportive d&rsquo;Alpina. Le break B3 GT combine performances \u00e9lev\u00e9es et polyvalence, proposant une alternative raffin\u00e9e aux BMW M traditionnelles.<\/p>\n","protected":false},"featured_media":94089,"template":"","meta":{"_seopress_robots_primary_cat":"","_seopress_titles_title":"","_seopress_titles_desc":"","_seopress_robots_index":""},"product_brand":[],"product_cat":[71,163],"product_tag":[84,93,684,92,85],"class_list":{"0":"post-94075","1":"product","2":"type-product","3":"status-publish","4":"has-post-thumbnail","6":"product_cat-gt-spirit","7":"product_cat-precommandes","8":"product_tag-echelle-118","9":"product_tag-edition-limitee","10":"product_tag-juin-2026","11":"product_tag-resine","12":"product_tag-sans-ouvrants","14":"first","15":"instock","16":"taxable","17":"shipping-taxable","18":"purchasable","19":"product-type-simple"},"_links":{"self":[{"href":"https:\/\/modelkars.com\/fr\/wp-json\/wp\/v2\/product\/94075","targetHints":{"allow":["GET"]}}],"collection":[{"href":"https:\/\/modelkars.com\/fr\/wp-json\/wp\/v2\/product"}],"about":[{"href":"https:\/\/modelkars.com\/fr\/wp-json\/wp\/v2\/types\/product"}],"wp:featuredmedia":[{"embeddable":true,"href":"https:\/\/modelkars.com\/fr\/wp-json\/wp\/v2\/media\/94089"}],"wp:attachment":[{"href":"https:\/\/modelkars.com\/fr\/wp-json\/wp\/v2\/media?parent=94075"}],"wp:term":[{"taxonomy":"product_brand","embeddable":true,"href":"https:\/\/modelkars.com\/fr\/wp-json\/wp\/v2\/product_brand?post=94075"},{"taxonomy":"product_cat","embeddable":true,"href":"https:\/\/modelkars.com\/fr\/wp-json\/wp\/v2\/product_cat?post=94075"},{"taxonomy":"product_tag","embeddable":true,"href":"https:\/\/modelkars.com\/fr\/wp-json\/wp\/v2\/product_tag?post=94075"}],"curies":[{"name":"wp","href":"https:\/\/api.w.org\/{rel}","templated":true}]}}