{"id":94074,"date":"2026-01-05T20:28:28","date_gmt":"2026-01-05T19:28:28","guid":{"rendered":"https:\/\/modelkars.com\/?post_type=product&#038;p=94074"},"modified":"2026-01-30T22:35:03","modified_gmt":"2026-01-30T21:35:03","slug":"gt961-lb-works-mclaren-720s-beige","status":"publish","type":"product","link":"https:\/\/modelkars.com\/fr\/shop\/gt-spirit\/gt961-lb-works-mclaren-720s-beige\/","title":{"rendered":"LB-Works McLaren 720S \u00ab\u00a0The Boring Concept\u00a0\u00bb"},"content":{"rendered":"","protected":false},"excerpt":{"rendered":"<p>Cette LB-Works McLaren 720S \u00ab\u00a0The Boring Concept\u00a0\u00bb \u00e0 l&rsquo;\u00e9chelle 1:18 est r\u00e9alis\u00e9e en r\u00e9sine par GT Spirit dans un coloris beige en s\u00e9rie limit\u00e9e. Liberty Walk transforme la supercar britannique avec des \u00e9largisseurs radicaux et une posture agressive, cr\u00e9ant une vision unique o\u00f9 l&rsquo;esth\u00e9tique japonaise rencontre l&rsquo;ing\u00e9nierie de Woking.<\/p>\n","protected":false},"featured_media":94096,"template":"","meta":{"_seopress_robots_primary_cat":"","_seopress_titles_title":"","_seopress_titles_desc":"","_seopress_robots_index":""},"product_brand":[],"product_cat":[71,163],"product_tag":[84,93,684,92,85],"class_list":{"0":"post-94074","1":"product","2":"type-product","3":"status-publish","4":"has-post-thumbnail","6":"product_cat-gt-spirit","7":"product_cat-precommandes","8":"product_tag-echelle-118","9":"product_tag-edition-limitee","10":"product_tag-juin-2026","11":"product_tag-resine","12":"product_tag-sans-ouvrants","14":"first","15":"instock","16":"taxable","17":"shipping-taxable","18":"purchasable","19":"product-type-simple"},"_links":{"self":[{"href":"https:\/\/modelkars.com\/fr\/wp-json\/wp\/v2\/product\/94074","targetHints":{"allow":["GET"]}}],"collection":[{"href":"https:\/\/modelkars.com\/fr\/wp-json\/wp\/v2\/product"}],"about":[{"href":"https:\/\/modelkars.com\/fr\/wp-json\/wp\/v2\/types\/product"}],"wp:featuredmedia":[{"embeddable":true,"href":"https:\/\/modelkars.com\/fr\/wp-json\/wp\/v2\/media\/94096"}],"wp:attachment":[{"href":"https:\/\/modelkars.com\/fr\/wp-json\/wp\/v2\/media?parent=94074"}],"wp:term":[{"taxonomy":"product_brand","embeddable":true,"href":"https:\/\/modelkars.com\/fr\/wp-json\/wp\/v2\/product_brand?post=94074"},{"taxonomy":"product_cat","embeddable":true,"href":"https:\/\/modelkars.com\/fr\/wp-json\/wp\/v2\/product_cat?post=94074"},{"taxonomy":"product_tag","embeddable":true,"href":"https:\/\/modelkars.com\/fr\/wp-json\/wp\/v2\/product_tag?post=94074"}],"curies":[{"name":"wp","href":"https:\/\/api.w.org\/{rel}","templated":true}]}}