{"id":94073,"date":"2026-01-05T20:28:28","date_gmt":"2026-01-05T19:28:28","guid":{"rendered":"https:\/\/modelkars.com\/?post_type=product&#038;p=94073"},"modified":"2026-03-05T15:11:12","modified_gmt":"2026-03-05T14:11:12","slug":"gt969-strosek-mega-30-bleu","status":"publish","type":"product","link":"https:\/\/modelkars.com\/fr\/shop\/gt-spirit\/gt969-strosek-mega-30-bleu\/","title":{"rendered":"Strosek Mega 30"},"content":{"rendered":"","protected":false},"excerpt":{"rendered":"<p>La Strosek Mega 30 \u00e0 l&rsquo;\u00e9chelle 1:18 arbore une livr\u00e9e bleue. R\u00e9alis\u00e9 en r\u00e9sine par GT Spirit en s\u00e9rie limit\u00e9e, il c\u00e9l\u00e8bre le retour du pr\u00e9parateur allemand Vittorio Strosek. Bas\u00e9 sur la Porsche 964, le Mega 30 c\u00e9l\u00e8bre le 30e anniversaire du design original et n&rsquo;existe qu&rsquo;\u00e0 30 exemplaires, chaque v\u00e9hicule n\u00e9cessitant 1200 \u00e0 1500 heures de restauration.<\/p>\n","protected":false},"featured_media":101550,"template":"","meta":{"_seopress_robots_primary_cat":"","_seopress_titles_title":"","_seopress_titles_desc":"","_seopress_robots_index":""},"product_brand":[],"product_cat":[71,163],"product_tag":[84,93,684,92,85],"class_list":{"0":"post-94073","1":"product","2":"type-product","3":"status-publish","4":"has-post-thumbnail","6":"product_cat-gt-spirit","7":"product_cat-precommandes","8":"product_tag-echelle-118","9":"product_tag-edition-limitee","10":"product_tag-juin-2026","11":"product_tag-resine","12":"product_tag-sans-ouvrants","14":"first","15":"instock","16":"taxable","17":"shipping-taxable","18":"purchasable","19":"product-type-simple"},"_links":{"self":[{"href":"https:\/\/modelkars.com\/fr\/wp-json\/wp\/v2\/product\/94073","targetHints":{"allow":["GET"]}}],"collection":[{"href":"https:\/\/modelkars.com\/fr\/wp-json\/wp\/v2\/product"}],"about":[{"href":"https:\/\/modelkars.com\/fr\/wp-json\/wp\/v2\/types\/product"}],"wp:featuredmedia":[{"embeddable":true,"href":"https:\/\/modelkars.com\/fr\/wp-json\/wp\/v2\/media\/101550"}],"wp:attachment":[{"href":"https:\/\/modelkars.com\/fr\/wp-json\/wp\/v2\/media?parent=94073"}],"wp:term":[{"taxonomy":"product_brand","embeddable":true,"href":"https:\/\/modelkars.com\/fr\/wp-json\/wp\/v2\/product_brand?post=94073"},{"taxonomy":"product_cat","embeddable":true,"href":"https:\/\/modelkars.com\/fr\/wp-json\/wp\/v2\/product_cat?post=94073"},{"taxonomy":"product_tag","embeddable":true,"href":"https:\/\/modelkars.com\/fr\/wp-json\/wp\/v2\/product_tag?post=94073"}],"curies":[{"name":"wp","href":"https:\/\/api.w.org\/{rel}","templated":true}]}}