{"id":94071,"date":"2026-01-05T20:28:27","date_gmt":"2026-01-05T19:28:27","guid":{"rendered":"https:\/\/modelkars.com\/?post_type=product&#038;p=94071"},"modified":"2026-01-30T22:35:01","modified_gmt":"2026-01-30T21:35:01","slug":"gt1005-porsche-928-s-marron","status":"publish","type":"product","link":"https:\/\/modelkars.com\/fr\/shop\/gt-spirit\/gt1005-porsche-928-s-marron\/","title":{"rendered":"Porsche 928 S"},"content":{"rendered":"","protected":false},"excerpt":{"rendered":"<p>Cette Porsche 928 S \u00e0 l&rsquo;\u00e9chelle 1:18 arbore un \u00e9l\u00e9gant coloris marron. Fabriqu\u00e9e en r\u00e9sine par GT Spirit en s\u00e9rie limit\u00e9e, elle rend hommage au grand tourisme \u00e0 moteur avant de Stuttgart. Lanc\u00e9e en 1977, la 928 fut la premi\u00e8re Porsche \u00e0 moteur V8 et remporta le titre de Voiture de l&rsquo;Ann\u00e9e europ\u00e9enne en 1978, une distinction rare pour une sportive.<\/p>\n","protected":false},"featured_media":94104,"template":"","meta":{"_seopress_robots_primary_cat":"","_seopress_titles_title":"","_seopress_titles_desc":"","_seopress_robots_index":""},"product_brand":[],"product_cat":[71,163],"product_tag":[84,93,684,92,85],"class_list":{"0":"post-94071","1":"product","2":"type-product","3":"status-publish","4":"has-post-thumbnail","6":"product_cat-gt-spirit","7":"product_cat-precommandes","8":"product_tag-echelle-118","9":"product_tag-edition-limitee","10":"product_tag-juin-2026","11":"product_tag-resine","12":"product_tag-sans-ouvrants","14":"first","15":"instock","16":"taxable","17":"shipping-taxable","18":"purchasable","19":"product-type-simple"},"_links":{"self":[{"href":"https:\/\/modelkars.com\/fr\/wp-json\/wp\/v2\/product\/94071","targetHints":{"allow":["GET"]}}],"collection":[{"href":"https:\/\/modelkars.com\/fr\/wp-json\/wp\/v2\/product"}],"about":[{"href":"https:\/\/modelkars.com\/fr\/wp-json\/wp\/v2\/types\/product"}],"wp:featuredmedia":[{"embeddable":true,"href":"https:\/\/modelkars.com\/fr\/wp-json\/wp\/v2\/media\/94104"}],"wp:attachment":[{"href":"https:\/\/modelkars.com\/fr\/wp-json\/wp\/v2\/media?parent=94071"}],"wp:term":[{"taxonomy":"product_brand","embeddable":true,"href":"https:\/\/modelkars.com\/fr\/wp-json\/wp\/v2\/product_brand?post=94071"},{"taxonomy":"product_cat","embeddable":true,"href":"https:\/\/modelkars.com\/fr\/wp-json\/wp\/v2\/product_cat?post=94071"},{"taxonomy":"product_tag","embeddable":true,"href":"https:\/\/modelkars.com\/fr\/wp-json\/wp\/v2\/product_tag?post=94071"}],"curies":[{"name":"wp","href":"https:\/\/api.w.org\/{rel}","templated":true}]}}