{"id":94069,"date":"2026-01-05T20:28:27","date_gmt":"2026-01-05T19:28:27","guid":{"rendered":"https:\/\/modelkars.com\/?post_type=product&#038;p=94069"},"modified":"2026-04-05T17:21:15","modified_gmt":"2026-04-05T15:21:15","slug":"gt575-koenigsegg-jesko-absolut-0-400-0-km-h-record-gris","status":"publish","type":"product","link":"https:\/\/modelkars.com\/fr\/shop\/gt-spirit\/gt575-koenigsegg-jesko-absolut-0-400-0-km-h-record-gris\/","title":{"rendered":"Koenigsegg Jesko Absolut 0-400-0 km\/h Record"},"content":{"rendered":"","protected":false},"excerpt":{"rendered":"<p>Cette Koenigsegg Jesko Absolut \u00e0 l&rsquo;\u00e9chelle 1:12 comm\u00e9more le record 0-400-0 km\/h \u00e9tabli en ao\u00fbt 2025. Produit en r\u00e9sine par GT Spirit en s\u00e9rie limit\u00e9e, ce mod\u00e8le c\u00e9l\u00e8bre la performance historique de 25,21 secondes r\u00e9alis\u00e9e par le pilote Markus Lundh. L&rsquo;hypercar su\u00e9doise de 1500 chevaux d\u00e9tient le meilleur coefficient de tra\u00een\u00e9e de sa cat\u00e9gorie avec un Cx de seulement 0,278.<\/p>\n","protected":false},"featured_media":101573,"template":"","meta":{"_seopress_robots_primary_cat":"","_seopress_titles_title":"","_seopress_titles_desc":"","_seopress_robots_index":""},"product_brand":[],"product_cat":[71,163],"product_tag":[188,93,684,92,85],"class_list":{"0":"post-94069","1":"product","2":"type-product","3":"status-publish","4":"has-post-thumbnail","6":"product_cat-gt-spirit","7":"product_cat-precommandes","8":"product_tag-echelle-112","9":"product_tag-edition-limitee","10":"product_tag-juin-2026","11":"product_tag-resine","12":"product_tag-sans-ouvrants","14":"first","15":"outofstock","16":"taxable","17":"shipping-taxable","18":"purchasable","19":"product-type-simple"},"_links":{"self":[{"href":"https:\/\/modelkars.com\/fr\/wp-json\/wp\/v2\/product\/94069","targetHints":{"allow":["GET"]}}],"collection":[{"href":"https:\/\/modelkars.com\/fr\/wp-json\/wp\/v2\/product"}],"about":[{"href":"https:\/\/modelkars.com\/fr\/wp-json\/wp\/v2\/types\/product"}],"wp:featuredmedia":[{"embeddable":true,"href":"https:\/\/modelkars.com\/fr\/wp-json\/wp\/v2\/media\/101573"}],"wp:attachment":[{"href":"https:\/\/modelkars.com\/fr\/wp-json\/wp\/v2\/media?parent=94069"}],"wp:term":[{"taxonomy":"product_brand","embeddable":true,"href":"https:\/\/modelkars.com\/fr\/wp-json\/wp\/v2\/product_brand?post=94069"},{"taxonomy":"product_cat","embeddable":true,"href":"https:\/\/modelkars.com\/fr\/wp-json\/wp\/v2\/product_cat?post=94069"},{"taxonomy":"product_tag","embeddable":true,"href":"https:\/\/modelkars.com\/fr\/wp-json\/wp\/v2\/product_tag?post=94069"}],"curies":[{"name":"wp","href":"https:\/\/api.w.org\/{rel}","templated":true}]}}