{"id":9346,"date":"2020-02-01T17:08:42","date_gmt":"2020-02-01T16:08:42","guid":{"rendered":"https:\/\/modelkars.com\/?post_type=product&#038;p=9346"},"modified":"2025-12-01T01:55:20","modified_gmt":"2025-12-01T00:55:20","slug":"18s299-porsche-911-991-gt2-rs-weissach-pack-grise","status":"publish","type":"product","link":"https:\/\/modelkars.com\/fr\/shop\/spark\/18s299-porsche-911-991-gt2-rs-weissach-pack-grise\/","title":{"rendered":"Porsche 911 (991) GT2 RS Weissach Package"},"content":{"rendered":"","protected":false},"excerpt":{"rendered":"<p>Cette miniature \u00e0 l&rsquo;\u00e9chelle 1:18 reproduit avec fid\u00e9lit\u00e9 la Porsche 911 GT2 RS type 991 en Pack Weissach dans une livr\u00e9e grise. Ce mod\u00e8le r\u00e9duit de collection est fabriqu\u00e9 par Spark et livr\u00e9 sur un socle noir du plus bel effet.<\/p>\n","protected":false},"featured_media":9347,"template":"","meta":{"_seopress_robots_primary_cat":"none","_seopress_titles_title":"","_seopress_titles_desc":"","_seopress_robots_index":""},"product_brand":[],"product_cat":[216],"product_tag":[84,85,86],"class_list":{"0":"post-9346","1":"product","2":"type-product","3":"status-publish","4":"has-post-thumbnail","6":"product_cat-spark","7":"product_tag-echelle-118","8":"product_tag-sans-ouvrants","9":"product_tag-socle-inclus","11":"first","12":"outofstock","13":"taxable","14":"shipping-taxable","15":"purchasable","16":"product-type-simple"},"_links":{"self":[{"href":"https:\/\/modelkars.com\/fr\/wp-json\/wp\/v2\/product\/9346","targetHints":{"allow":["GET"]}}],"collection":[{"href":"https:\/\/modelkars.com\/fr\/wp-json\/wp\/v2\/product"}],"about":[{"href":"https:\/\/modelkars.com\/fr\/wp-json\/wp\/v2\/types\/product"}],"wp:featuredmedia":[{"embeddable":true,"href":"https:\/\/modelkars.com\/fr\/wp-json\/wp\/v2\/media\/9347"}],"wp:attachment":[{"href":"https:\/\/modelkars.com\/fr\/wp-json\/wp\/v2\/media?parent=9346"}],"wp:term":[{"taxonomy":"product_brand","embeddable":true,"href":"https:\/\/modelkars.com\/fr\/wp-json\/wp\/v2\/product_brand?post=9346"},{"taxonomy":"product_cat","embeddable":true,"href":"https:\/\/modelkars.com\/fr\/wp-json\/wp\/v2\/product_cat?post=9346"},{"taxonomy":"product_tag","embeddable":true,"href":"https:\/\/modelkars.com\/fr\/wp-json\/wp\/v2\/product_tag?post=9346"}],"curies":[{"name":"wp","href":"https:\/\/api.w.org\/{rel}","templated":true}]}}