{"id":9332,"date":"2020-02-01T16:23:34","date_gmt":"2020-02-01T15:23:34","guid":{"rendered":"https:\/\/modelkars.com\/?post_type=product&#038;p=9332"},"modified":"2025-12-01T01:55:20","modified_gmt":"2025-12-01T00:55:20","slug":"lambo028d-lamborghini-huracan-performante-jaune","status":"publish","type":"product","link":"https:\/\/modelkars.com\/fr\/shop\/mr-collection\/lambo028d-lamborghini-huracan-performante-jaune\/","title":{"rendered":"Lamborghini Hurac\u00e1n Performante"},"content":{"rendered":"","protected":false},"excerpt":{"rendered":"<p>Cette sublime Lamborghini Hurac\u00e1n Performante est reproduite avec une pr\u00e9cision exceptionnelle par le fabricant italien MR Collection. Livr\u00e9e sur un socle haut de gamme et dans une vitrine en verre, cette miniature de prestige poss\u00e8de une carrosserie en r\u00e9sine recouvert d&rsquo;une peinture m\u00e9tallis\u00e9e jaune (Giallo Inti) fid\u00e8le \u00e0 la teinte Lamborghini, et son habitacle est fid\u00e8lement mod\u00e9lis\u00e9. Une v\u00e9ritable oeuvre d&rsquo;art limit\u00e9e \u00e0 seulement 49 exemplaires num\u00e9rot\u00e9s.<\/p>\n","protected":false},"featured_media":9333,"template":"","meta":{"_seopress_robots_primary_cat":"none","_seopress_titles_title":"","_seopress_titles_desc":"","_seopress_robots_index":""},"product_brand":[],"product_cat":[95],"product_tag":[84,93,92,85,86,323],"class_list":{"0":"post-9332","1":"product","2":"type-product","3":"status-publish","4":"has-post-thumbnail","6":"product_cat-mr-collection","7":"product_tag-echelle-118","8":"product_tag-edition-limitee","9":"product_tag-resine","10":"product_tag-sans-ouvrants","11":"product_tag-socle-inclus","12":"product_tag-vitrine-incluse","14":"first","15":"outofstock","16":"taxable","17":"shipping-taxable","18":"purchasable","19":"product-type-simple"},"_links":{"self":[{"href":"https:\/\/modelkars.com\/fr\/wp-json\/wp\/v2\/product\/9332","targetHints":{"allow":["GET"]}}],"collection":[{"href":"https:\/\/modelkars.com\/fr\/wp-json\/wp\/v2\/product"}],"about":[{"href":"https:\/\/modelkars.com\/fr\/wp-json\/wp\/v2\/types\/product"}],"wp:featuredmedia":[{"embeddable":true,"href":"https:\/\/modelkars.com\/fr\/wp-json\/wp\/v2\/media\/9333"}],"wp:attachment":[{"href":"https:\/\/modelkars.com\/fr\/wp-json\/wp\/v2\/media?parent=9332"}],"wp:term":[{"taxonomy":"product_brand","embeddable":true,"href":"https:\/\/modelkars.com\/fr\/wp-json\/wp\/v2\/product_brand?post=9332"},{"taxonomy":"product_cat","embeddable":true,"href":"https:\/\/modelkars.com\/fr\/wp-json\/wp\/v2\/product_cat?post=9332"},{"taxonomy":"product_tag","embeddable":true,"href":"https:\/\/modelkars.com\/fr\/wp-json\/wp\/v2\/product_tag?post=9332"}],"curies":[{"name":"wp","href":"https:\/\/api.w.org\/{rel}","templated":true}]}}