{"id":9044,"date":"2020-01-21T19:56:40","date_gmt":"2020-01-21T18:56:40","guid":{"rendered":"https:\/\/modelkars.com\/?post_type=product&#038;p=9044"},"modified":"2025-12-01T01:55:21","modified_gmt":"2025-12-01T00:55:21","slug":"5021900251-audi-r8-lms-2019-gris","status":"publish","type":"product","link":"https:\/\/modelkars.com\/fr\/shop\/spark\/5021900251-audi-r8-lms-2019-gris\/","title":{"rendered":"Audi R8 LMS 2019"},"content":{"rendered":"","protected":false},"excerpt":{"rendered":"<p>Cette Audi R8 LMS version 2019 est ici reproduite \u00e0 l\u2019\u00e9chelle 1:18 par le fabricant Spark dans une livr\u00e9e grise \u00e0 accents rouges, sa pr\u00e9sentation d\u2019origine. Cette miniature mont\u00e9e en r\u00e9sine est livr\u00e9e dans un packaging officiel Audi.<\/p>\n","protected":false},"featured_media":9098,"template":"","meta":{"_seopress_robots_primary_cat":"none","_seopress_titles_title":"","_seopress_titles_desc":"","_seopress_robots_index":""},"product_brand":[],"product_cat":[216],"product_tag":[84,92,85],"class_list":{"0":"post-9044","1":"product","2":"type-product","3":"status-publish","4":"has-post-thumbnail","6":"product_cat-spark","7":"product_tag-echelle-118","8":"product_tag-resine","9":"product_tag-sans-ouvrants","10":"product_shipping_class-delivengo","12":"first","13":"outofstock","14":"taxable","15":"shipping-taxable","16":"purchasable","17":"product-type-simple"},"_links":{"self":[{"href":"https:\/\/modelkars.com\/fr\/wp-json\/wp\/v2\/product\/9044","targetHints":{"allow":["GET"]}}],"collection":[{"href":"https:\/\/modelkars.com\/fr\/wp-json\/wp\/v2\/product"}],"about":[{"href":"https:\/\/modelkars.com\/fr\/wp-json\/wp\/v2\/types\/product"}],"wp:featuredmedia":[{"embeddable":true,"href":"https:\/\/modelkars.com\/fr\/wp-json\/wp\/v2\/media\/9098"}],"wp:attachment":[{"href":"https:\/\/modelkars.com\/fr\/wp-json\/wp\/v2\/media?parent=9044"}],"wp:term":[{"taxonomy":"product_brand","embeddable":true,"href":"https:\/\/modelkars.com\/fr\/wp-json\/wp\/v2\/product_brand?post=9044"},{"taxonomy":"product_cat","embeddable":true,"href":"https:\/\/modelkars.com\/fr\/wp-json\/wp\/v2\/product_cat?post=9044"},{"taxonomy":"product_tag","embeddable":true,"href":"https:\/\/modelkars.com\/fr\/wp-json\/wp\/v2\/product_tag?post=9044"}],"curies":[{"name":"wp","href":"https:\/\/api.w.org\/{rel}","templated":true}]}}