{"id":8849,"date":"2020-07-24T10:41:45","date_gmt":"2020-07-24T08:41:45","guid":{"rendered":"https:\/\/modelkars.com\/?post_type=product&#038;p=8849"},"modified":"2025-12-01T01:55:12","modified_gmt":"2025-12-01T00:55:12","slug":"gt799-audi-rs6-avant-gmk-camo-bleu","status":"publish","type":"product","link":"https:\/\/modelkars.com\/fr\/shop\/gt-spirit\/gt799-audi-rs6-avant-gmk-camo-bleu\/","title":{"rendered":"Audi RS6 Avant GMK Camo"},"content":{"rendered":"\n\t<section class=\"section\" id=\"section_1972878994\">\n\t\t<div class=\"section-bg fill\" >\n\t\t\t\t\t\t\t\t\t\n\t\t\t\n\n\t\t<\/div>\n\n\t\t\n\n\t\t<div class=\"section-content relative\">\n\t\t\t\n<p class=\"uppercase\" style=\"text-align: center;\"><span style=\"font-size: 300%; background-color: #5a95d8; color: #282828;\">\u00a0 1 \/ <strong><span class=\"count-up\">1500<\/span>\u00a0\u00a0<\/strong><\/span><\/p>\n  <div class=\"banner-grid-wrapper\">\n  <div id=\"banner-grid-745729272\" class=\"banner-grid row row-grid row-small\" data-packery-options=\"\">\n                      \n<div class=\"col grid-col small-12 large-6 grid-col-2-3\" ><div class=\"col-inner\">\n\t<div class=\"img has-hover x md-x lg-x y md-y lg-y\" id=\"image_1458483156\">\n\t\t\t\t\t\t\t\t<div class=\"img-inner dark\" >\n\t\t\t<img decoding=\"async\" width=\"1020\" height=\"683\" src=\"https:\/\/modelkars.com\/wp-content\/uploads\/1200-gt799_modelkars-modelkars-1050x703.jpg\" class=\"attachment-large size-large\" alt=\"\" srcset=\"https:\/\/modelkars.com\/wp-content\/uploads\/1200-gt799_modelkars-modelkars-1050x703.jpg 1050w, https:\/\/modelkars.com\/wp-content\/uploads\/1200-gt799_modelkars-modelkars-680x455.jpg 680w, https:\/\/modelkars.com\/wp-content\/uploads\/1200-gt799_modelkars-modelkars-64x43.jpg 64w, https:\/\/modelkars.com\/wp-content\/uploads\/1200-gt799_modelkars-modelkars-690x462.jpg 690w, https:\/\/modelkars.com\/wp-content\/uploads\/1200-gt799_modelkars-modelkars-768x514.jpg 768w, https:\/\/modelkars.com\/wp-content\/uploads\/1200-gt799_modelkars-modelkars.jpg 1200w\" sizes=\"(max-width: 1020px) 100vw, 1020px\" \/>\t\t\t\t\t\t\n\t\t\t\t\t<\/div>\n\t\t\t\t\t\t\t\t\n<style>\n#image_1458483156 {\n  width: 100%;\n}\n<\/style>\n\t<\/div>\n\t\n<\/div><\/div>\n<div class=\"col grid-col small-12 large-6 grid-col-1-2\" ><div class=\"col-inner\">\n\t<div class=\"img has-hover x md-x lg-x y md-y lg-y\" id=\"image_783100971\">\n\t\t\t\t\t\t\t\t<div class=\"img-inner dark\" >\n\t\t\t<img decoding=\"async\" width=\"1020\" height=\"683\" src=\"https:\/\/modelkars.com\/wp-content\/uploads\/1200-gt799_rear-modelkars-1050x703.jpg\" class=\"attachment-large size-large\" alt=\"\" srcset=\"https:\/\/modelkars.com\/wp-content\/uploads\/1200-gt799_rear-modelkars-1050x703.jpg 1050w, https:\/\/modelkars.com\/wp-content\/uploads\/1200-gt799_rear-modelkars-680x455.jpg 680w, https:\/\/modelkars.com\/wp-content\/uploads\/1200-gt799_rear-modelkars-64x43.jpg 64w, https:\/\/modelkars.com\/wp-content\/uploads\/1200-gt799_rear-modelkars-690x462.jpg 690w, https:\/\/modelkars.com\/wp-content\/uploads\/1200-gt799_rear-modelkars-768x514.jpg 768w, https:\/\/modelkars.com\/wp-content\/uploads\/1200-gt799_rear-modelkars.jpg 1200w\" sizes=\"(max-width: 1020px) 100vw, 1020px\" \/>\t\t\t\t\t\t\n\t\t\t\t\t<\/div>\n\t\t\t\t\t\t\t\t\n<style>\n#image_783100971 {\n  width: 100%;\n}\n<\/style>\n\t<\/div>\n\t\n<\/div><\/div>\n<div class=\"col grid-col small-12 large-3 grid-col-1-2\" ><div class=\"col-inner\">\n\t<div class=\"img has-hover x md-x lg-x y md-y lg-y\" id=\"image_1745196386\">\n\t\t\t\t\t\t\t\t<div class=\"img-inner dark\" >\n\t\t\t<img decoding=\"async\" width=\"1020\" height=\"680\" src=\"https:\/\/modelkars.com\/wp-content\/uploads\/1200-gt799_front2-modelkars-1050x700.jpg\" class=\"attachment-large size-large\" alt=\"\" srcset=\"https:\/\/modelkars.com\/wp-content\/uploads\/1200-gt799_front2-modelkars-1050x700.jpg 1050w, https:\/\/modelkars.com\/wp-content\/uploads\/1200-gt799_front2-modelkars-680x453.jpg 680w, https:\/\/modelkars.com\/wp-content\/uploads\/1200-gt799_front2-modelkars-64x43.jpg 64w, https:\/\/modelkars.com\/wp-content\/uploads\/1200-gt799_front2-modelkars-690x460.jpg 690w, https:\/\/modelkars.com\/wp-content\/uploads\/1200-gt799_front2-modelkars-768x512.jpg 768w, https:\/\/modelkars.com\/wp-content\/uploads\/1200-gt799_front2-modelkars.jpg 1200w\" sizes=\"(max-width: 1020px) 100vw, 1020px\" \/>\t\t\t\t\t\t\n\t\t\t\t\t<\/div>\n\t\t\t\t\t\t\t\t\n<style>\n#image_1745196386 {\n  width: 100%;\n}\n<\/style>\n\t<\/div>\n\t\n<\/div><\/div>\n<div class=\"col grid-col small-12 large-3 grid-col-1-2\" ><div class=\"col-inner\">\n\t<div class=\"img has-hover x md-x lg-x y md-y lg-y\" id=\"image_426740169\">\n\t\t\t\t\t\t\t\t<div class=\"img-inner dark\" >\n\t\t\t<img decoding=\"async\" width=\"1020\" height=\"683\" src=\"https:\/\/modelkars.com\/wp-content\/uploads\/1200-gt799_wheel-modelkars-1050x703.jpg\" class=\"attachment-large size-large\" alt=\"\" srcset=\"https:\/\/modelkars.com\/wp-content\/uploads\/1200-gt799_wheel-modelkars-1050x703.jpg 1050w, https:\/\/modelkars.com\/wp-content\/uploads\/1200-gt799_wheel-modelkars-680x455.jpg 680w, https:\/\/modelkars.com\/wp-content\/uploads\/1200-gt799_wheel-modelkars-64x43.jpg 64w, https:\/\/modelkars.com\/wp-content\/uploads\/1200-gt799_wheel-modelkars-690x462.jpg 690w, https:\/\/modelkars.com\/wp-content\/uploads\/1200-gt799_wheel-modelkars-768x514.jpg 768w, https:\/\/modelkars.com\/wp-content\/uploads\/1200-gt799_wheel-modelkars.jpg 1200w\" sizes=\"(max-width: 1020px) 100vw, 1020px\" \/>\t\t\t\t\t\t\n\t\t\t\t\t<\/div>\n\t\t\t\t\t\t\t\t\n<style>\n#image_426740169 {\n  width: 100%;\n}\n<\/style>\n\t<\/div>\n\t\n<\/div><\/div>\n<div class=\"col grid-col small-12 large-6 grid-col-1-3\" ><div class=\"col-inner\">\n\t<div class=\"img has-hover x md-x lg-x y md-y lg-y\" id=\"image_1197103598\">\n\t\t\t\t\t\t\t\t<div class=\"img-inner dark\" >\n\t\t\t<img decoding=\"async\" width=\"1020\" height=\"680\" src=\"https:\/\/modelkars.com\/wp-content\/uploads\/1200-gt799_rear3-modelkars-1050x700.jpg\" class=\"attachment-large size-large\" alt=\"\" srcset=\"https:\/\/modelkars.com\/wp-content\/uploads\/1200-gt799_rear3-modelkars-1050x700.jpg 1050w, https:\/\/modelkars.com\/wp-content\/uploads\/1200-gt799_rear3-modelkars-680x453.jpg 680w, https:\/\/modelkars.com\/wp-content\/uploads\/1200-gt799_rear3-modelkars-64x43.jpg 64w, https:\/\/modelkars.com\/wp-content\/uploads\/1200-gt799_rear3-modelkars-690x460.jpg 690w, https:\/\/modelkars.com\/wp-content\/uploads\/1200-gt799_rear3-modelkars-768x512.jpg 768w, https:\/\/modelkars.com\/wp-content\/uploads\/1200-gt799_rear3-modelkars.jpg 1200w\" sizes=\"(max-width: 1020px) 100vw, 1020px\" \/>\t\t\t\t\t\t\n\t\t\t\t\t<\/div>\n\t\t\t\t\t\t\t\t\n<style>\n#image_1197103598 {\n  width: 100%;\n}\n<\/style>\n\t<\/div>\n\t\n<\/div><\/div>\n            <\/div>\n    <style>\n    #banner-grid-745729272 .grid-col-1{height: 666px}\n    #banner-grid-745729272 .grid-col-1-2{height: 333px}\n    #banner-grid-745729272 .grid-col-1-3{height:222px}\n    #banner-grid-745729272 .grid-col-2-3{height: 444px}\n    #banner-grid-745729272 .grid-col-1-4{height: 166.5px}\n    #banner-grid-745729272 .grid-col-3-4{height: 499.5px}\n\n\n        \/* Tablet *\/\n    @media (max-width: 850px){\n      #banner-grid-745729272 .grid-col-1{height: 500px}\n      #banner-grid-745729272 .grid-col-1-2{height: 250px}\n      #banner-grid-745729272 .grid-col-1-3{height:166.66666666667px}\n      #banner-grid-745729272 .grid-col-2-3{height: 333.33333333333px}\n      #banner-grid-745729272 .grid-col-1-4{height: 125px}\n      #banner-grid-745729272 .grid-col-3-4{height: 375px}\n    }\n    \n    \n\n  <\/style>\n    <\/div>\n  \n\t\t<\/div>\n\n\t\t\n<style>\n#section_1972878994 {\n  padding-top: 50px;\n  padding-bottom: 50px;\n  background-color: rgb(0,0,0);\n}\n<\/style>\n\t<\/section>\n\t\n","protected":false},"excerpt":{"rendered":"<p>Cette voiture miniature \u00e0 l&rsquo;\u00e9chelle 1:18 reproduit avec une tr\u00e8s grande fid\u00e9lit\u00e9 l&rsquo;Audi RS6 Avant de couleur noire sur la moiti\u00e9 droite et en camouflage bleue sur la moiti\u00e9 gauche. Cette configuration toute particuli\u00e8re est inspir\u00e9e par la voiture personnelle de \u00ab\u00a0GMK\u00a0\u00bb. Le Youtuber partage son quotidien au volant de luxueuses supercars, aupr\u00e8s d&rsquo;une communaut\u00e9 de plus de 850.000 abonn\u00e9s. Ce mod\u00e8le r\u00e9duit exclusif sera produit en quantit\u00e9 limit\u00e9e et chaque exemplaire num\u00e9rot\u00e9. Immanquable !<\/p>\n","protected":false},"featured_media":10758,"template":"","meta":{"_seopress_robots_primary_cat":"none","_seopress_titles_title":"","_seopress_titles_desc":"","_seopress_robots_index":""},"product_brand":[],"product_cat":[71],"product_tag":[84,93,249,236,85],"class_list":{"0":"post-8849","1":"product","2":"type-product","3":"status-publish","4":"has-post-thumbnail","6":"product_cat-gt-spirit","7":"product_tag-echelle-118","8":"product_tag-edition-limitee","9":"product_tag-mai-2020","10":"product_tag-resine-plastique","11":"product_tag-sans-ouvrants","12":"product_shipping_class-delivengo","14":"first","15":"outofstock","16":"taxable","17":"shipping-taxable","18":"purchasable","19":"product-type-simple"},"_links":{"self":[{"href":"https:\/\/modelkars.com\/fr\/wp-json\/wp\/v2\/product\/8849","targetHints":{"allow":["GET"]}}],"collection":[{"href":"https:\/\/modelkars.com\/fr\/wp-json\/wp\/v2\/product"}],"about":[{"href":"https:\/\/modelkars.com\/fr\/wp-json\/wp\/v2\/types\/product"}],"wp:featuredmedia":[{"embeddable":true,"href":"https:\/\/modelkars.com\/fr\/wp-json\/wp\/v2\/media\/10758"}],"wp:attachment":[{"href":"https:\/\/modelkars.com\/fr\/wp-json\/wp\/v2\/media?parent=8849"}],"wp:term":[{"taxonomy":"product_brand","embeddable":true,"href":"https:\/\/modelkars.com\/fr\/wp-json\/wp\/v2\/product_brand?post=8849"},{"taxonomy":"product_cat","embeddable":true,"href":"https:\/\/modelkars.com\/fr\/wp-json\/wp\/v2\/product_cat?post=8849"},{"taxonomy":"product_tag","embeddable":true,"href":"https:\/\/modelkars.com\/fr\/wp-json\/wp\/v2\/product_tag?post=8849"}],"curies":[{"name":"wp","href":"https:\/\/api.w.org\/{rel}","templated":true}]}}