{"id":8391,"date":"2020-08-12T20:14:42","date_gmt":"2020-08-12T18:14:42","guid":{"rendered":"https:\/\/modelkars.com\/?post_type=product&#038;p=8391"},"modified":"2025-12-01T01:55:10","modified_gmt":"2025-12-01T00:55:10","slug":"18s467-porsche-911-speedster-991-bleu","status":"publish","type":"product","link":"https:\/\/modelkars.com\/fr\/shop\/spark\/18s467-porsche-911-speedster-991-bleu\/","title":{"rendered":"Porsche 911 (991) Speedster"},"content":{"rendered":"","protected":false},"excerpt":{"rendered":"<p>La Speedster est l\u2019ultime d\u00e9clinaison de la Porsche 911 de type 991. Ce mod\u00e8le est ici repr\u00e9sent\u00e9 \u00e0 l\u2019\u00e9chelle 1:18 par le fabricant Spark. Le mod\u00e8le tr\u00e8s d\u00e9taill\u00e9 sera produit dans une livr\u00e9e bleue \u00ab\u00a0Miami\u00a0\u00bb.<\/p>\n","protected":false},"featured_media":9096,"template":"","meta":{"_seopress_robots_primary_cat":"none","_seopress_titles_title":"","_seopress_titles_desc":"","_seopress_robots_index":""},"product_brand":[],"product_cat":[216],"product_tag":[84],"class_list":{"0":"post-8391","1":"product","2":"type-product","3":"status-publish","4":"has-post-thumbnail","6":"product_cat-spark","7":"product_tag-echelle-118","9":"first","10":"outofstock","11":"taxable","12":"shipping-taxable","13":"purchasable","14":"product-type-simple"},"_links":{"self":[{"href":"https:\/\/modelkars.com\/fr\/wp-json\/wp\/v2\/product\/8391","targetHints":{"allow":["GET"]}}],"collection":[{"href":"https:\/\/modelkars.com\/fr\/wp-json\/wp\/v2\/product"}],"about":[{"href":"https:\/\/modelkars.com\/fr\/wp-json\/wp\/v2\/types\/product"}],"wp:featuredmedia":[{"embeddable":true,"href":"https:\/\/modelkars.com\/fr\/wp-json\/wp\/v2\/media\/9096"}],"wp:attachment":[{"href":"https:\/\/modelkars.com\/fr\/wp-json\/wp\/v2\/media?parent=8391"}],"wp:term":[{"taxonomy":"product_brand","embeddable":true,"href":"https:\/\/modelkars.com\/fr\/wp-json\/wp\/v2\/product_brand?post=8391"},{"taxonomy":"product_cat","embeddable":true,"href":"https:\/\/modelkars.com\/fr\/wp-json\/wp\/v2\/product_cat?post=8391"},{"taxonomy":"product_tag","embeddable":true,"href":"https:\/\/modelkars.com\/fr\/wp-json\/wp\/v2\/product_tag?post=8391"}],"curies":[{"name":"wp","href":"https:\/\/api.w.org\/{rel}","templated":true}]}}