{"id":8390,"date":"2019-12-10T20:14:42","date_gmt":"2019-12-10T19:14:42","guid":{"rendered":"https:\/\/modelkars.com\/?post_type=product&#038;p=8390"},"modified":"2025-12-01T01:55:23","modified_gmt":"2025-12-01T00:55:23","slug":"5011818651-audi-rs-q8-orange","status":"publish","type":"product","link":"https:\/\/modelkars.com\/fr\/shop\/paragon\/5011818651-audi-rs-q8-orange\/","title":{"rendered":"Audi RS Q8"},"content":{"rendered":"","protected":false},"excerpt":{"rendered":"<p>Chez Audi, le mastodonte s\u2019appelle Q8. Il est ici d\u00e9clin\u00e9 dans sa version la plus sportive, le RSQ8. Cette miniature \u00e0 l\u2019\u00e9chelle 1:18 fabriqu\u00e9e par Paragon reproduit avec fid\u00e9lit\u00e9 ce SUV dans sa livr\u00e9e orange \u00ab\u00a0Dragon\u00a0\u00bb. Ce miniature poss\u00e8de de nombreux ouvrants (portes avant et arri\u00e8res, coffre et capot moteur) ainsi que le volant, la direction, et les suspensions fonctionnelles.<\/p>\n","protected":false},"featured_media":8655,"template":"","meta":{"_seopress_robots_primary_cat":"none","_seopress_titles_title":"","_seopress_titles_desc":"","_seopress_robots_index":""},"product_brand":[],"product_cat":[243],"product_tag":[117,84,89],"class_list":{"0":"post-8390","1":"product","2":"type-product","3":"status-publish","4":"has-post-thumbnail","6":"product_cat-paragon","7":"product_tag-avec-ouvrants","8":"product_tag-echelle-118","9":"product_tag-metal","11":"first","12":"outofstock","13":"taxable","14":"shipping-taxable","15":"purchasable","16":"product-type-simple"},"_links":{"self":[{"href":"https:\/\/modelkars.com\/fr\/wp-json\/wp\/v2\/product\/8390","targetHints":{"allow":["GET"]}}],"collection":[{"href":"https:\/\/modelkars.com\/fr\/wp-json\/wp\/v2\/product"}],"about":[{"href":"https:\/\/modelkars.com\/fr\/wp-json\/wp\/v2\/types\/product"}],"wp:featuredmedia":[{"embeddable":true,"href":"https:\/\/modelkars.com\/fr\/wp-json\/wp\/v2\/media\/8655"}],"wp:attachment":[{"href":"https:\/\/modelkars.com\/fr\/wp-json\/wp\/v2\/media?parent=8390"}],"wp:term":[{"taxonomy":"product_brand","embeddable":true,"href":"https:\/\/modelkars.com\/fr\/wp-json\/wp\/v2\/product_brand?post=8390"},{"taxonomy":"product_cat","embeddable":true,"href":"https:\/\/modelkars.com\/fr\/wp-json\/wp\/v2\/product_cat?post=8390"},{"taxonomy":"product_tag","embeddable":true,"href":"https:\/\/modelkars.com\/fr\/wp-json\/wp\/v2\/product_tag?post=8390"}],"curies":[{"name":"wp","href":"https:\/\/api.w.org\/{rel}","templated":true}]}}