{"id":8389,"date":"2019-12-10T20:14:42","date_gmt":"2019-12-10T19:14:42","guid":{"rendered":"https:\/\/modelkars.com\/?post_type=product&#038;p=8389"},"modified":"2025-12-01T01:55:23","modified_gmt":"2025-12-01T00:55:23","slug":"ot862-mitsubishi-lancer-evo-8-mr-fq400-gris","status":"publish","type":"product","link":"https:\/\/modelkars.com\/fr\/shop\/ottomobile\/ot862-mitsubishi-lancer-evo-8-mr-fq400-gris\/","title":{"rendered":"Mitsubishi Lancer Evolution VIII MR FQ-400"},"content":{"rendered":"","protected":false},"excerpt":{"rendered":"<p>Cette miniature de collection fabriqu\u00e9e par OttOmobile reproduit avec pr\u00e9cision la Mitsubishi Lancer Evolution 8 MR FQ-400 dans une livr\u00e9e grise \u00ab\u00a0Cool Grey\u00a0\u00bb. Ce mod\u00e8le embl\u00e9matique est propos\u00e9 en s\u00e9rie limit\u00e9e de 999 exemplaires \u00e0 l\u2019\u00e9chelle 1:18, chaque exemplaire est num\u00e9rot\u00e9 sous le ch\u00e2ssis.<\/p>\n","protected":false},"featured_media":8670,"template":"","meta":{"_seopress_robots_primary_cat":"none","_seopress_titles_title":"","_seopress_titles_desc":"","_seopress_robots_index":""},"product_brand":[],"product_cat":[225],"product_tag":[84,93,92,85],"class_list":{"0":"post-8389","1":"product","2":"type-product","3":"status-publish","4":"has-post-thumbnail","6":"product_cat-ottomobile","7":"product_tag-echelle-118","8":"product_tag-edition-limitee","9":"product_tag-resine","10":"product_tag-sans-ouvrants","11":"product_shipping_class-delivengo","13":"first","14":"outofstock","15":"taxable","16":"shipping-taxable","17":"purchasable","18":"product-type-simple"},"_links":{"self":[{"href":"https:\/\/modelkars.com\/fr\/wp-json\/wp\/v2\/product\/8389","targetHints":{"allow":["GET"]}}],"collection":[{"href":"https:\/\/modelkars.com\/fr\/wp-json\/wp\/v2\/product"}],"about":[{"href":"https:\/\/modelkars.com\/fr\/wp-json\/wp\/v2\/types\/product"}],"wp:featuredmedia":[{"embeddable":true,"href":"https:\/\/modelkars.com\/fr\/wp-json\/wp\/v2\/media\/8670"}],"wp:attachment":[{"href":"https:\/\/modelkars.com\/fr\/wp-json\/wp\/v2\/media?parent=8389"}],"wp:term":[{"taxonomy":"product_brand","embeddable":true,"href":"https:\/\/modelkars.com\/fr\/wp-json\/wp\/v2\/product_brand?post=8389"},{"taxonomy":"product_cat","embeddable":true,"href":"https:\/\/modelkars.com\/fr\/wp-json\/wp\/v2\/product_cat?post=8389"},{"taxonomy":"product_tag","embeddable":true,"href":"https:\/\/modelkars.com\/fr\/wp-json\/wp\/v2\/product_tag?post=8389"}],"curies":[{"name":"wp","href":"https:\/\/api.w.org\/{rel}","templated":true}]}}