{"id":8388,"date":"2023-10-20T20:14:41","date_gmt":"2023-10-20T18:14:41","guid":{"rendered":"https:\/\/modelkars.com\/?post_type=product&#038;p=8388"},"modified":"2025-12-01T01:53:33","modified_gmt":"2025-12-01T00:53:33","slug":"ot322-subaru-impreza-sti-s204-bleu","status":"publish","type":"product","link":"https:\/\/modelkars.com\/fr\/shop\/ottomobile\/ot322-subaru-impreza-sti-s204-bleu\/","title":{"rendered":"Subaru Impreza STi S204"},"content":{"rendered":"","protected":false},"excerpt":{"rendered":"<p>Cette voiture miniature en r\u00e9sine fabriqu\u00e9e par OttOmobile reproduit avec fid\u00e9lit\u00e9 la Subaru Impreza S204 dans son embl\u00e9matique livr\u00e9e bleue. Cette s\u00e9rie sp\u00e9ciale destin\u00e9e au Japon est reconnaissable \u00e0 ses jantes BBS sp\u00e9cifiques. Le mod\u00e8le r\u00e9el est limit\u00e9 \u00e0 600 exemplaires, et cette miniature de collection est fabriqu\u00e9e \u00e0 1500 unit\u00e9s num\u00e9rot\u00e9es.<\/p>\n","protected":false},"featured_media":47048,"template":"","meta":{"_seopress_robots_primary_cat":"","_seopress_titles_title":"","_seopress_titles_desc":"","_seopress_robots_index":""},"product_brand":[],"product_cat":[225],"product_tag":[84,93,92,85],"class_list":{"0":"post-8388","1":"product","2":"type-product","3":"status-publish","4":"has-post-thumbnail","6":"product_cat-ottomobile","7":"product_tag-echelle-118","8":"product_tag-edition-limitee","9":"product_tag-resine","10":"product_tag-sans-ouvrants","11":"product_shipping_class-delivengo","13":"first","14":"outofstock","15":"taxable","16":"shipping-taxable","17":"purchasable","18":"product-type-simple"},"_links":{"self":[{"href":"https:\/\/modelkars.com\/fr\/wp-json\/wp\/v2\/product\/8388","targetHints":{"allow":["GET"]}}],"collection":[{"href":"https:\/\/modelkars.com\/fr\/wp-json\/wp\/v2\/product"}],"about":[{"href":"https:\/\/modelkars.com\/fr\/wp-json\/wp\/v2\/types\/product"}],"wp:featuredmedia":[{"embeddable":true,"href":"https:\/\/modelkars.com\/fr\/wp-json\/wp\/v2\/media\/47048"}],"wp:attachment":[{"href":"https:\/\/modelkars.com\/fr\/wp-json\/wp\/v2\/media?parent=8388"}],"wp:term":[{"taxonomy":"product_brand","embeddable":true,"href":"https:\/\/modelkars.com\/fr\/wp-json\/wp\/v2\/product_brand?post=8388"},{"taxonomy":"product_cat","embeddable":true,"href":"https:\/\/modelkars.com\/fr\/wp-json\/wp\/v2\/product_cat?post=8388"},{"taxonomy":"product_tag","embeddable":true,"href":"https:\/\/modelkars.com\/fr\/wp-json\/wp\/v2\/product_tag?post=8388"}],"curies":[{"name":"wp","href":"https:\/\/api.w.org\/{rel}","templated":true}]}}