{"id":7976,"date":"2019-11-16T06:57:48","date_gmt":"2019-11-16T05:57:48","guid":{"rendered":"https:\/\/modelkars.com\/?post_type=product&#038;p=7976"},"modified":"2025-12-01T01:55:23","modified_gmt":"2025-12-01T00:55:23","slug":"76063-mclaren-p1-orange-papaya","status":"publish","type":"product","link":"https:\/\/modelkars.com\/fr\/shop\/autoart\/76063-mclaren-p1-orange-papaya\/","title":{"rendered":"McLaren P1"},"content":{"rendered":"","protected":false},"excerpt":{"rendered":"<p>Cette miniature haut de gamme reproduit avec une grande pr\u00e9cision la McLaren P1 dans une livr\u00e9e orange Papaya Spark. Fabriqu\u00e9 par AUTOart, ce mod\u00e8le poss\u00e8de de nombreux ouvrants permettant d\u2019admirer tous les d\u00e9tails.<\/p>\n","protected":false},"featured_media":8521,"template":"","meta":{"_seopress_robots_primary_cat":"none","_seopress_titles_title":"","_seopress_titles_desc":"","_seopress_robots_index":""},"product_brand":[],"product_cat":[118],"product_tag":[117,119,84],"class_list":{"0":"post-7976","1":"product","2":"type-product","3":"status-publish","4":"has-post-thumbnail","6":"product_cat-autoart","7":"product_tag-avec-ouvrants","8":"product_tag-composite","9":"product_tag-echelle-118","11":"first","12":"outofstock","13":"taxable","14":"shipping-taxable","15":"purchasable","16":"product-type-simple"},"_links":{"self":[{"href":"https:\/\/modelkars.com\/fr\/wp-json\/wp\/v2\/product\/7976","targetHints":{"allow":["GET"]}}],"collection":[{"href":"https:\/\/modelkars.com\/fr\/wp-json\/wp\/v2\/product"}],"about":[{"href":"https:\/\/modelkars.com\/fr\/wp-json\/wp\/v2\/types\/product"}],"wp:featuredmedia":[{"embeddable":true,"href":"https:\/\/modelkars.com\/fr\/wp-json\/wp\/v2\/media\/8521"}],"wp:attachment":[{"href":"https:\/\/modelkars.com\/fr\/wp-json\/wp\/v2\/media?parent=7976"}],"wp:term":[{"taxonomy":"product_brand","embeddable":true,"href":"https:\/\/modelkars.com\/fr\/wp-json\/wp\/v2\/product_brand?post=7976"},{"taxonomy":"product_cat","embeddable":true,"href":"https:\/\/modelkars.com\/fr\/wp-json\/wp\/v2\/product_cat?post=7976"},{"taxonomy":"product_tag","embeddable":true,"href":"https:\/\/modelkars.com\/fr\/wp-json\/wp\/v2\/product_tag?post=7976"}],"curies":[{"name":"wp","href":"https:\/\/api.w.org\/{rel}","templated":true}]}}