{"id":78578,"date":"2025-12-15T21:14:25","date_gmt":"2025-12-15T20:14:25","guid":{"rendered":"https:\/\/modelkars.com\/?post_type=product&#038;p=78578"},"modified":"2026-01-06T16:13:19","modified_gmt":"2026-01-06T15:13:19","slug":"18s1087-porsche-911-sport-classic-992-heritage-package-yachting-blue-metallic","status":"publish","type":"product","link":"https:\/\/modelkars.com\/fr\/shop\/precommandes\/18s1087-porsche-911-sport-classic-992-heritage-package-yachting-blue-metallic\/","title":{"rendered":"Porsche 911 Sport Classic (992) Heritage Package"},"content":{"rendered":"","protected":false},"excerpt":{"rendered":"<p>La Porsche 911 Sport Classic (992) \u00e0 l&rsquo;\u00e9chelle 1:18 se pare d&rsquo;un superbe Yachting Blue Metallic avec pack Heritage. Produite en r\u00e9sine par Spark en s\u00e9rie limit\u00e9e avec socle et vitrine, cette Sport Classic c\u00e9l\u00e8bre l&rsquo;h\u00e9ritage de Porsche avec un aileron Fuchs redessin\u00e9 et des r\u00e9f\u00e9rences stylistiques aux mod\u00e8les embl\u00e9matiques des ann\u00e9es 70.<\/p>\n","protected":false},"featured_media":78667,"template":"","meta":{"_seopress_robots_primary_cat":"","_seopress_titles_title":"","_seopress_titles_desc":"","_seopress_robots_index":""},"product_brand":[],"product_cat":[163,216],"product_tag":[84,93,92,85,86,323],"class_list":{"0":"post-78578","1":"product","2":"type-product","3":"status-publish","4":"has-post-thumbnail","6":"product_cat-precommandes","7":"product_cat-spark","8":"product_tag-echelle-118","9":"product_tag-edition-limitee","10":"product_tag-resine","11":"product_tag-sans-ouvrants","12":"product_tag-socle-inclus","13":"product_tag-vitrine-incluse","15":"first","16":"instock","17":"taxable","18":"shipping-taxable","19":"purchasable","20":"product-type-simple"},"_links":{"self":[{"href":"https:\/\/modelkars.com\/fr\/wp-json\/wp\/v2\/product\/78578","targetHints":{"allow":["GET"]}}],"collection":[{"href":"https:\/\/modelkars.com\/fr\/wp-json\/wp\/v2\/product"}],"about":[{"href":"https:\/\/modelkars.com\/fr\/wp-json\/wp\/v2\/types\/product"}],"wp:featuredmedia":[{"embeddable":true,"href":"https:\/\/modelkars.com\/fr\/wp-json\/wp\/v2\/media\/78667"}],"wp:attachment":[{"href":"https:\/\/modelkars.com\/fr\/wp-json\/wp\/v2\/media?parent=78578"}],"wp:term":[{"taxonomy":"product_brand","embeddable":true,"href":"https:\/\/modelkars.com\/fr\/wp-json\/wp\/v2\/product_brand?post=78578"},{"taxonomy":"product_cat","embeddable":true,"href":"https:\/\/modelkars.com\/fr\/wp-json\/wp\/v2\/product_cat?post=78578"},{"taxonomy":"product_tag","embeddable":true,"href":"https:\/\/modelkars.com\/fr\/wp-json\/wp\/v2\/product_tag?post=78578"}],"curies":[{"name":"wp","href":"https:\/\/api.w.org\/{rel}","templated":true}]}}