{"id":78575,"date":"2026-01-28T00:00:01","date_gmt":"2026-01-27T23:00:01","guid":{"rendered":"https:\/\/modelkars.com\/?post_type=product&#038;p=78575"},"modified":"2026-01-29T21:55:00","modified_gmt":"2026-01-29T20:55:00","slug":"p18232e-ferrari-360-modena-spider-black-black-interior","status":"publish","type":"product","link":"https:\/\/modelkars.com\/fr\/shop\/bbr\/p18232e-ferrari-360-modena-spider-black-black-interior\/","title":{"rendered":"Ferrari 360 Modena Spider"},"content":{"rendered":"","protected":false},"excerpt":{"rendered":"<p>Cette Ferrari 360 Modena Spider \u00e0 l&rsquo;\u00e9chelle 1:18 se distingue par sa livr\u00e9e full black (peinture, int\u00e9rieur et jantes). R\u00e9alis\u00e9e en r\u00e9sine par BBR sur un socle, cette pi\u00e8ce exceptionnelle est ultra rare puisque limit\u00e9e \u00e0 seulement 10 exemplaires num\u00e9rot\u00e9s.<\/p>\n","protected":false},"featured_media":78584,"template":"","meta":{"_seopress_robots_primary_cat":"","_seopress_titles_title":"","_seopress_titles_desc":"","_seopress_robots_index":""},"product_brand":[],"product_cat":[315],"product_tag":[84,93,92,85,86],"class_list":{"0":"post-78575","1":"product","2":"type-product","3":"status-publish","4":"has-post-thumbnail","6":"product_cat-bbr","7":"product_tag-echelle-118","8":"product_tag-edition-limitee","9":"product_tag-resine","10":"product_tag-sans-ouvrants","11":"product_tag-socle-inclus","13":"first","14":"instock","15":"taxable","16":"shipping-taxable","17":"purchasable","18":"product-type-simple"},"_links":{"self":[{"href":"https:\/\/modelkars.com\/fr\/wp-json\/wp\/v2\/product\/78575","targetHints":{"allow":["GET"]}}],"collection":[{"href":"https:\/\/modelkars.com\/fr\/wp-json\/wp\/v2\/product"}],"about":[{"href":"https:\/\/modelkars.com\/fr\/wp-json\/wp\/v2\/types\/product"}],"wp:featuredmedia":[{"embeddable":true,"href":"https:\/\/modelkars.com\/fr\/wp-json\/wp\/v2\/media\/78584"}],"wp:attachment":[{"href":"https:\/\/modelkars.com\/fr\/wp-json\/wp\/v2\/media?parent=78575"}],"wp:term":[{"taxonomy":"product_brand","embeddable":true,"href":"https:\/\/modelkars.com\/fr\/wp-json\/wp\/v2\/product_brand?post=78575"},{"taxonomy":"product_cat","embeddable":true,"href":"https:\/\/modelkars.com\/fr\/wp-json\/wp\/v2\/product_cat?post=78575"},{"taxonomy":"product_tag","embeddable":true,"href":"https:\/\/modelkars.com\/fr\/wp-json\/wp\/v2\/product_tag?post=78575"}],"curies":[{"name":"wp","href":"https:\/\/api.w.org\/{rel}","templated":true}]}}