{"id":78572,"date":"2025-12-15T21:14:24","date_gmt":"2025-12-15T20:14:24","guid":{"rendered":"https:\/\/modelkars.com\/?post_type=product&#038;p=78572"},"modified":"2026-02-01T13:20:38","modified_gmt":"2026-02-01T12:20:38","slug":"ot1213-alpine-alpenglow-hy6-specular-blue","status":"publish","type":"product","link":"https:\/\/modelkars.com\/fr\/shop\/ottomobile\/ot1213-alpine-alpenglow-hy6-specular-blue\/","title":{"rendered":"Alpine Alpenglow HY6"},"content":{"rendered":"","protected":false},"excerpt":{"rendered":"<p>L&rsquo;Alpine Alpenglow HY6 \u00e0 l&rsquo;\u00e9chelle 1:18 se pr\u00e9sente dans une teinte bleu Specular saisissante. Produite en r\u00e9sine par OttOmobile en s\u00e9rie limit\u00e9e, cette miniature reproduit le prototype r\u00e9volutionnaire d&rsquo;Alpine, dont le moteur V6 biturbo de 3,5 litres d\u00e9veloppe 740 chevaux en br\u00fblant de l&rsquo;hydrog\u00e8ne et peut atteindre 9000 tours par minute.<\/p>\n","protected":false},"featured_media":78627,"template":"","meta":{"_seopress_robots_primary_cat":"","_seopress_titles_title":"","_seopress_titles_desc":"","_seopress_robots_index":""},"product_brand":[],"product_cat":[225,163],"product_tag":[84,93,92,85],"class_list":{"0":"post-78572","1":"product","2":"type-product","3":"status-publish","4":"has-post-thumbnail","6":"product_cat-ottomobile","7":"product_cat-precommandes","8":"product_tag-echelle-118","9":"product_tag-edition-limitee","10":"product_tag-resine","11":"product_tag-sans-ouvrants","13":"first","14":"outofstock","15":"taxable","16":"shipping-taxable","17":"purchasable","18":"product-type-simple"},"_links":{"self":[{"href":"https:\/\/modelkars.com\/fr\/wp-json\/wp\/v2\/product\/78572","targetHints":{"allow":["GET"]}}],"collection":[{"href":"https:\/\/modelkars.com\/fr\/wp-json\/wp\/v2\/product"}],"about":[{"href":"https:\/\/modelkars.com\/fr\/wp-json\/wp\/v2\/types\/product"}],"wp:featuredmedia":[{"embeddable":true,"href":"https:\/\/modelkars.com\/fr\/wp-json\/wp\/v2\/media\/78627"}],"wp:attachment":[{"href":"https:\/\/modelkars.com\/fr\/wp-json\/wp\/v2\/media?parent=78572"}],"wp:term":[{"taxonomy":"product_brand","embeddable":true,"href":"https:\/\/modelkars.com\/fr\/wp-json\/wp\/v2\/product_brand?post=78572"},{"taxonomy":"product_cat","embeddable":true,"href":"https:\/\/modelkars.com\/fr\/wp-json\/wp\/v2\/product_cat?post=78572"},{"taxonomy":"product_tag","embeddable":true,"href":"https:\/\/modelkars.com\/fr\/wp-json\/wp\/v2\/product_tag?post=78572"}],"curies":[{"name":"wp","href":"https:\/\/api.w.org\/{rel}","templated":true}]}}