{"id":7816,"date":"2019-11-04T16:52:53","date_gmt":"2019-11-04T15:52:53","guid":{"rendered":"https:\/\/modelkars.com\/?post_type=product&#038;p=7816"},"modified":"2025-12-01T01:55:24","modified_gmt":"2025-12-01T00:55:24","slug":"gt263-koenig-specials-ferrari-f355-rouge","status":"publish","type":"product","link":"https:\/\/modelkars.com\/fr\/shop\/gt-spirit\/gt263-koenig-specials-ferrari-f355-rouge\/","title":{"rendered":"Koenig-Specials Ferrari F355"},"content":{"rendered":"","protected":false},"excerpt":{"rendered":"<p>Reproduite dans sa version rouge \u00ab Rosso Corsa \u00bb, cette superbe Ferrari F355 customis\u00e9e par Koenig-Specials est fabriqu\u00e9e \u00e0 l\u2019\u00e9chelle 1:18 par GT Spirit. Elle sera produite en quantit\u00e9 limit\u00e9e et chaque exemplaire est num\u00e9rot\u00e9.<\/p>\n","protected":false},"featured_media":9194,"template":"","meta":{"_seopress_robots_primary_cat":"none","_seopress_titles_title":"","_seopress_titles_desc":"","_seopress_robots_index":""},"product_brand":[],"product_cat":[71],"product_tag":[238,84,93,92,85],"class_list":{"0":"post-7816","1":"product","2":"type-product","3":"status-publish","4":"has-post-thumbnail","6":"product_cat-gt-spirit","7":"product_tag-avril-2020","8":"product_tag-echelle-118","9":"product_tag-edition-limitee","10":"product_tag-resine","11":"product_tag-sans-ouvrants","12":"product_shipping_class-delivengo","14":"first","15":"outofstock","16":"taxable","17":"shipping-taxable","18":"purchasable","19":"product-type-simple"},"_links":{"self":[{"href":"https:\/\/modelkars.com\/fr\/wp-json\/wp\/v2\/product\/7816","targetHints":{"allow":["GET"]}}],"collection":[{"href":"https:\/\/modelkars.com\/fr\/wp-json\/wp\/v2\/product"}],"about":[{"href":"https:\/\/modelkars.com\/fr\/wp-json\/wp\/v2\/types\/product"}],"wp:featuredmedia":[{"embeddable":true,"href":"https:\/\/modelkars.com\/fr\/wp-json\/wp\/v2\/media\/9194"}],"wp:attachment":[{"href":"https:\/\/modelkars.com\/fr\/wp-json\/wp\/v2\/media?parent=7816"}],"wp:term":[{"taxonomy":"product_brand","embeddable":true,"href":"https:\/\/modelkars.com\/fr\/wp-json\/wp\/v2\/product_brand?post=7816"},{"taxonomy":"product_cat","embeddable":true,"href":"https:\/\/modelkars.com\/fr\/wp-json\/wp\/v2\/product_cat?post=7816"},{"taxonomy":"product_tag","embeddable":true,"href":"https:\/\/modelkars.com\/fr\/wp-json\/wp\/v2\/product_tag?post=7816"}],"curies":[{"name":"wp","href":"https:\/\/api.w.org\/{rel}","templated":true}]}}