{"id":7811,"date":"2019-11-04T16:52:50","date_gmt":"2019-11-04T15:52:50","guid":{"rendered":"https:\/\/modelkars.com\/?post_type=product&#038;p=7811"},"modified":"2025-12-01T01:55:24","modified_gmt":"2025-12-01T00:55:24","slug":"gt796-porsche-911-old-and-new-martini","status":"publish","type":"product","link":"https:\/\/modelkars.com\/fr\/shop\/gt-spirit\/gt796-porsche-911-old-and-new-martini\/","title":{"rendered":"Porsche 911 Old &#038; New Martini"},"content":{"rendered":"","protected":false},"excerpt":{"rendered":"<p>Cette miniature haut de gamme reproduit avec une grande pr\u00e9cision la Porsche 911 modif\u00e9e par Old &amp; New dans une livr\u00e9e blanche aux couleurs Martini Racing. Fabriqu\u00e9e par GT Spirit, en r\u00e9sine sera produit en quantit\u00e9 limit\u00e9e et chaque exemplaire num\u00e9rot\u00e9.<\/p>\n","protected":false},"featured_media":9260,"template":"","meta":{"_seopress_robots_primary_cat":"none","_seopress_titles_title":"","_seopress_titles_desc":"","_seopress_robots_index":""},"product_brand":[],"product_cat":[71],"product_tag":[84,93,237,92,85],"class_list":{"0":"post-7811","1":"product","2":"type-product","3":"status-publish","4":"has-post-thumbnail","6":"product_cat-gt-spirit","7":"product_tag-echelle-118","8":"product_tag-edition-limitee","9":"product_tag-mars-2020","10":"product_tag-resine","11":"product_tag-sans-ouvrants","12":"product_shipping_class-delivengo","14":"first","15":"outofstock","16":"taxable","17":"shipping-taxable","18":"purchasable","19":"product-type-simple"},"_links":{"self":[{"href":"https:\/\/modelkars.com\/fr\/wp-json\/wp\/v2\/product\/7811","targetHints":{"allow":["GET"]}}],"collection":[{"href":"https:\/\/modelkars.com\/fr\/wp-json\/wp\/v2\/product"}],"about":[{"href":"https:\/\/modelkars.com\/fr\/wp-json\/wp\/v2\/types\/product"}],"wp:featuredmedia":[{"embeddable":true,"href":"https:\/\/modelkars.com\/fr\/wp-json\/wp\/v2\/media\/9260"}],"wp:attachment":[{"href":"https:\/\/modelkars.com\/fr\/wp-json\/wp\/v2\/media?parent=7811"}],"wp:term":[{"taxonomy":"product_brand","embeddable":true,"href":"https:\/\/modelkars.com\/fr\/wp-json\/wp\/v2\/product_brand?post=7811"},{"taxonomy":"product_cat","embeddable":true,"href":"https:\/\/modelkars.com\/fr\/wp-json\/wp\/v2\/product_cat?post=7811"},{"taxonomy":"product_tag","embeddable":true,"href":"https:\/\/modelkars.com\/fr\/wp-json\/wp\/v2\/product_tag?post=7811"}],"curies":[{"name":"wp","href":"https:\/\/api.w.org\/{rel}","templated":true}]}}