{"id":7718,"date":"2019-10-22T19:18:52","date_gmt":"2019-10-22T17:18:52","guid":{"rendered":"https:\/\/modelkars.com\/shop\/non%20class\u00e9\/import-placeholder-for-155027030\/"},"modified":"2025-12-01T01:55:25","modified_gmt":"2025-12-01T00:55:25","slug":"155027030-bmw-i8-roadster-gris","status":"publish","type":"product","link":"https:\/\/modelkars.com\/fr\/shop\/minichamps\/155027030-bmw-i8-roadster-gris\/","title":{"rendered":"BMW i8 Roadster"},"content":{"rendered":"","protected":false},"excerpt":{"rendered":"<p>Cette superbe BMW i8 en version Roadster gris fonc\u00e9 m\u00e9tallis\u00e9 est reproduite \u00e0 l\u2019\u00e9chelle 1:18 par Minichamps. Ce mod\u00e8le r\u00e9duit BMW est une \u00e9dition limit\u00e9e \u00e0 504 pi\u00e8ces.<\/p>\n","protected":false},"featured_media":7751,"template":"","meta":{"_seopress_robots_primary_cat":"none","_seopress_titles_title":"","_seopress_titles_desc":"","_seopress_robots_index":""},"product_brand":[],"product_cat":[94],"product_tag":[84,93,89,85],"class_list":{"0":"post-7718","1":"product","2":"type-product","3":"status-publish","4":"has-post-thumbnail","6":"product_cat-minichamps","7":"product_tag-echelle-118","8":"product_tag-edition-limitee","9":"product_tag-metal","10":"product_tag-sans-ouvrants","11":"product_shipping_class-delivengo","13":"first","14":"outofstock","15":"taxable","16":"shipping-taxable","17":"purchasable","18":"product-type-simple"},"_links":{"self":[{"href":"https:\/\/modelkars.com\/fr\/wp-json\/wp\/v2\/product\/7718","targetHints":{"allow":["GET"]}}],"collection":[{"href":"https:\/\/modelkars.com\/fr\/wp-json\/wp\/v2\/product"}],"about":[{"href":"https:\/\/modelkars.com\/fr\/wp-json\/wp\/v2\/types\/product"}],"wp:featuredmedia":[{"embeddable":true,"href":"https:\/\/modelkars.com\/fr\/wp-json\/wp\/v2\/media\/7751"}],"wp:attachment":[{"href":"https:\/\/modelkars.com\/fr\/wp-json\/wp\/v2\/media?parent=7718"}],"wp:term":[{"taxonomy":"product_brand","embeddable":true,"href":"https:\/\/modelkars.com\/fr\/wp-json\/wp\/v2\/product_brand?post=7718"},{"taxonomy":"product_cat","embeddable":true,"href":"https:\/\/modelkars.com\/fr\/wp-json\/wp\/v2\/product_cat?post=7718"},{"taxonomy":"product_tag","embeddable":true,"href":"https:\/\/modelkars.com\/fr\/wp-json\/wp\/v2\/product_tag?post=7718"}],"curies":[{"name":"wp","href":"https:\/\/api.w.org\/{rel}","templated":true}]}}