{"id":77112,"date":"2026-04-24T00:00:01","date_gmt":"2026-04-23T22:00:01","guid":{"rendered":"https:\/\/modelkars.com\/?post_type=product&#038;p=77112"},"modified":"2026-04-24T15:12:53","modified_gmt":"2026-04-24T13:12:53","slug":"72949-ford-f-150-raptor-supercrew-2019-velocity-blue","status":"publish","type":"product","link":"https:\/\/modelkars.com\/fr\/shop\/autoart\/72949-ford-f-150-raptor-supercrew-2019-velocity-blue\/","title":{"rendered":"Ford F-150 Raptor Supercrew 2019"},"content":{"rendered":"","protected":false},"excerpt":{"rendered":"<p>Ce Ford F-150 Raptor Supercrew 2019 \u00e0 l&rsquo;\u00e9chelle 1:18 arbore la teinte Velocity Blue et b\u00e9n\u00e9ficie des ouvrants fonctionnels caract\u00e9ristiques des productions AUTOart en composite. Le mod\u00e8le original se distingue par sa transmission automatique \u00e0 10 rapports avec palettes au volant, une technologie qui contribue \u00e0 ses performances impressionnantes malgr\u00e9 un poids avoisinant les 2700 kilogrammes.<\/p>\n","protected":false},"featured_media":94507,"template":"","meta":{"_seopress_robots_primary_cat":"","_seopress_titles_title":"","_seopress_titles_desc":"","_seopress_robots_index":""},"product_brand":[],"product_cat":[118],"product_tag":[117,119,84],"class_list":{"0":"post-77112","1":"product","2":"type-product","3":"status-publish","4":"has-post-thumbnail","6":"product_cat-autoart","7":"product_tag-avec-ouvrants","8":"product_tag-composite","9":"product_tag-echelle-118","11":"first","12":"outofstock","13":"taxable","14":"shipping-taxable","15":"purchasable","16":"product-type-simple"},"_links":{"self":[{"href":"https:\/\/modelkars.com\/fr\/wp-json\/wp\/v2\/product\/77112","targetHints":{"allow":["GET"]}}],"collection":[{"href":"https:\/\/modelkars.com\/fr\/wp-json\/wp\/v2\/product"}],"about":[{"href":"https:\/\/modelkars.com\/fr\/wp-json\/wp\/v2\/types\/product"}],"wp:featuredmedia":[{"embeddable":true,"href":"https:\/\/modelkars.com\/fr\/wp-json\/wp\/v2\/media\/94507"}],"wp:attachment":[{"href":"https:\/\/modelkars.com\/fr\/wp-json\/wp\/v2\/media?parent=77112"}],"wp:term":[{"taxonomy":"product_brand","embeddable":true,"href":"https:\/\/modelkars.com\/fr\/wp-json\/wp\/v2\/product_brand?post=77112"},{"taxonomy":"product_cat","embeddable":true,"href":"https:\/\/modelkars.com\/fr\/wp-json\/wp\/v2\/product_cat?post=77112"},{"taxonomy":"product_tag","embeddable":true,"href":"https:\/\/modelkars.com\/fr\/wp-json\/wp\/v2\/product_tag?post=77112"}],"curies":[{"name":"wp","href":"https:\/\/api.w.org\/{rel}","templated":true}]}}