{"id":77110,"date":"2026-02-23T00:00:01","date_gmt":"2026-02-22T23:00:01","guid":{"rendered":"https:\/\/modelkars.com\/?post_type=product&#038;p=77110"},"modified":"2026-04-28T11:47:35","modified_gmt":"2026-04-28T09:47:35","slug":"72946-ford-f-150-raptor-supercrew-2019-oxford-white","status":"publish","type":"product","link":"https:\/\/modelkars.com\/fr\/shop\/autoart\/72946-ford-f-150-raptor-supercrew-2019-oxford-white\/","title":{"rendered":"Ford F-150 Raptor Supercrew 2019"},"content":{"rendered":"","protected":false},"excerpt":{"rendered":"<p>Cette miniature \u00e0 l&rsquo;\u00e9chelle 1:18 reproduit le Ford F-150 Raptor Supercrew 2019 dans sa teinte Oxford White. Fabriqu\u00e9 par AUTOart en composite avec ouvrants fonctionnels, ce mod\u00e8le capture fid\u00e8lement les proportions imposantes du pick-up de performance am\u00e9ricain. Le Raptor 2019 embarque un V6 EcoBoost de 3,5 litres d\u00e9veloppant 450 chevaux, propulsant ce mastodonte de 0 \u00e0 100 km\/h en seulement 5,1 secondes.<\/p>\n","protected":false},"featured_media":77114,"template":"","meta":{"_seopress_robots_primary_cat":"","_seopress_titles_title":"","_seopress_titles_desc":"","_seopress_robots_index":""},"product_brand":[],"product_cat":[118],"product_tag":[117,119,84],"class_list":{"0":"post-77110","1":"product","2":"type-product","3":"status-publish","4":"has-post-thumbnail","6":"product_cat-autoart","7":"product_tag-avec-ouvrants","8":"product_tag-composite","9":"product_tag-echelle-118","11":"first","12":"outofstock","13":"taxable","14":"shipping-taxable","15":"purchasable","16":"product-type-simple"},"_links":{"self":[{"href":"https:\/\/modelkars.com\/fr\/wp-json\/wp\/v2\/product\/77110","targetHints":{"allow":["GET"]}}],"collection":[{"href":"https:\/\/modelkars.com\/fr\/wp-json\/wp\/v2\/product"}],"about":[{"href":"https:\/\/modelkars.com\/fr\/wp-json\/wp\/v2\/types\/product"}],"wp:featuredmedia":[{"embeddable":true,"href":"https:\/\/modelkars.com\/fr\/wp-json\/wp\/v2\/media\/77114"}],"wp:attachment":[{"href":"https:\/\/modelkars.com\/fr\/wp-json\/wp\/v2\/media?parent=77110"}],"wp:term":[{"taxonomy":"product_brand","embeddable":true,"href":"https:\/\/modelkars.com\/fr\/wp-json\/wp\/v2\/product_brand?post=77110"},{"taxonomy":"product_cat","embeddable":true,"href":"https:\/\/modelkars.com\/fr\/wp-json\/wp\/v2\/product_cat?post=77110"},{"taxonomy":"product_tag","embeddable":true,"href":"https:\/\/modelkars.com\/fr\/wp-json\/wp\/v2\/product_tag?post=77110"}],"curies":[{"name":"wp","href":"https:\/\/api.w.org\/{rel}","templated":true}]}}