{"id":76857,"date":"2025-11-14T18:21:23","date_gmt":"2025-11-14T17:21:23","guid":{"rendered":"https:\/\/modelkars.com\/?post_type=product&#038;p=76857"},"modified":"2025-12-08T09:36:55","modified_gmt":"2025-12-08T08:36:55","slug":"ot1214-alpine-a390-%ce%b2-bleu-specular","status":"publish","type":"product","link":"https:\/\/modelkars.com\/fr\/shop\/ottomobile\/ot1214-alpine-a390-%ce%b2-bleu-specular\/","title":{"rendered":"Alpine A390 \u03b2"},"content":{"rendered":"","protected":false},"excerpt":{"rendered":"<p>Cette Alpine A390 \u03b2 \u00e0 l&rsquo;\u00e9chelle 1:18 en r\u00e9sine par OttOmobile arbore le coloris exclusif bleu Specular. Produite en s\u00e9rie limit\u00e9e, elle reproduit le concept-car pr\u00e9sent\u00e9 au Mondial de l&rsquo;Auto de Paris 2024. Premier crossover fastback \u00e9lectrique d&rsquo;Alpine, ce show-car pr\u00e9figure \u00e0 85% le mod\u00e8le de s\u00e9rie qui sera assembl\u00e9 \u00e0 Dieppe et \u00e9quip\u00e9 de trois moteurs \u00e9lectriques.<\/p>\n","protected":false},"featured_media":76954,"template":"","meta":{"_seopress_robots_primary_cat":"","_seopress_titles_title":"","_seopress_titles_desc":"","_seopress_robots_index":""},"product_brand":[],"product_cat":[225,163],"product_tag":[84,93,92,85],"class_list":{"0":"post-76857","1":"product","2":"type-product","3":"status-publish","4":"has-post-thumbnail","6":"product_cat-ottomobile","7":"product_cat-precommandes","8":"product_tag-echelle-118","9":"product_tag-edition-limitee","10":"product_tag-resine","11":"product_tag-sans-ouvrants","13":"first","14":"outofstock","15":"taxable","16":"shipping-taxable","17":"purchasable","18":"product-type-simple"},"_links":{"self":[{"href":"https:\/\/modelkars.com\/fr\/wp-json\/wp\/v2\/product\/76857","targetHints":{"allow":["GET"]}}],"collection":[{"href":"https:\/\/modelkars.com\/fr\/wp-json\/wp\/v2\/product"}],"about":[{"href":"https:\/\/modelkars.com\/fr\/wp-json\/wp\/v2\/types\/product"}],"wp:featuredmedia":[{"embeddable":true,"href":"https:\/\/modelkars.com\/fr\/wp-json\/wp\/v2\/media\/76954"}],"wp:attachment":[{"href":"https:\/\/modelkars.com\/fr\/wp-json\/wp\/v2\/media?parent=76857"}],"wp:term":[{"taxonomy":"product_brand","embeddable":true,"href":"https:\/\/modelkars.com\/fr\/wp-json\/wp\/v2\/product_brand?post=76857"},{"taxonomy":"product_cat","embeddable":true,"href":"https:\/\/modelkars.com\/fr\/wp-json\/wp\/v2\/product_cat?post=76857"},{"taxonomy":"product_tag","embeddable":true,"href":"https:\/\/modelkars.com\/fr\/wp-json\/wp\/v2\/product_tag?post=76857"}],"curies":[{"name":"wp","href":"https:\/\/api.w.org\/{rel}","templated":true}]}}