{"id":76856,"date":"2025-11-14T18:21:23","date_gmt":"2025-11-14T17:21:23","guid":{"rendered":"https:\/\/modelkars.com\/?post_type=product&#038;p=76856"},"modified":"2025-12-05T20:26:25","modified_gmt":"2025-12-05T19:26:25","slug":"ot1235-porsche-718-cayman-gt4-rs-clubsport-gt4-european-series-2024-orange-emil-heyerdahl-nick-maloy","status":"publish","type":"product","link":"https:\/\/modelkars.com\/fr\/shop\/ottomobile\/ot1235-porsche-718-cayman-gt4-rs-clubsport-gt4-european-series-2024-orange-emil-heyerdahl-nick-maloy\/","title":{"rendered":"Porsche 718 Cayman GT4 RS Clubsport (GT4 European Series 2024)"},"content":{"rendered":"","protected":false},"excerpt":{"rendered":"<p>Cette Porsche 718 Cayman GT4 RS Clubsport \u00e0 l&rsquo;\u00e9chelle 1:18 en r\u00e9sine par OttOmobile reproduit la livr\u00e9e orange des pilotes Emil Heyerdahl et Nick Maloy en GT4 European Series 2024. Produite en s\u00e9rie limit\u00e9e, elle d\u00e9veloppe 500 chevaux gr\u00e2ce \u00e0 son moteur boxer 6 cylindres atmosph\u00e9rique de 4.0 litres. Ce bloc, d\u00e9riv\u00e9 de la 911 GT3 Cup, peut atteindre jusqu&rsquo;\u00e0 9000 tours par minute.<\/p>\n","protected":false},"featured_media":76894,"template":"","meta":{"_seopress_robots_primary_cat":"","_seopress_titles_title":"","_seopress_titles_desc":"","_seopress_robots_index":""},"product_brand":[],"product_cat":[225,163],"product_tag":[84,93,92,85],"class_list":{"0":"post-76856","1":"product","2":"type-product","3":"status-publish","4":"has-post-thumbnail","6":"product_cat-ottomobile","7":"product_cat-precommandes","8":"product_tag-echelle-118","9":"product_tag-edition-limitee","10":"product_tag-resine","11":"product_tag-sans-ouvrants","13":"first","14":"outofstock","15":"taxable","16":"shipping-taxable","17":"purchasable","18":"product-type-simple"},"_links":{"self":[{"href":"https:\/\/modelkars.com\/fr\/wp-json\/wp\/v2\/product\/76856","targetHints":{"allow":["GET"]}}],"collection":[{"href":"https:\/\/modelkars.com\/fr\/wp-json\/wp\/v2\/product"}],"about":[{"href":"https:\/\/modelkars.com\/fr\/wp-json\/wp\/v2\/types\/product"}],"wp:featuredmedia":[{"embeddable":true,"href":"https:\/\/modelkars.com\/fr\/wp-json\/wp\/v2\/media\/76894"}],"wp:attachment":[{"href":"https:\/\/modelkars.com\/fr\/wp-json\/wp\/v2\/media?parent=76856"}],"wp:term":[{"taxonomy":"product_brand","embeddable":true,"href":"https:\/\/modelkars.com\/fr\/wp-json\/wp\/v2\/product_brand?post=76856"},{"taxonomy":"product_cat","embeddable":true,"href":"https:\/\/modelkars.com\/fr\/wp-json\/wp\/v2\/product_cat?post=76856"},{"taxonomy":"product_tag","embeddable":true,"href":"https:\/\/modelkars.com\/fr\/wp-json\/wp\/v2\/product_tag?post=76856"}],"curies":[{"name":"wp","href":"https:\/\/api.w.org\/{rel}","templated":true}]}}