{"id":76791,"date":"2025-11-12T18:36:44","date_gmt":"2025-11-12T17:36:44","guid":{"rendered":"https:\/\/modelkars.com\/?post_type=product&#038;p=76791"},"modified":"2026-04-29T19:58:27","modified_gmt":"2026-04-29T17:58:27","slug":"bug018a-bugatti-brouillard-green","status":"publish","type":"product","link":"https:\/\/modelkars.com\/fr\/shop\/mr-collection\/bug018a-bugatti-brouillard-green\/","title":{"rendered":"Bugatti Brouillard"},"content":{"rendered":"","protected":false},"excerpt":{"rendered":"<p>Cette Bugatti Brouillard \u00e0 l&rsquo;\u00e9chelle 1:18 reproduit la premi\u00e8re cr\u00e9ation du Programme Solitaire, une division de coachbuilding ultra-exclusive qui repousse les limites de la personnalisation. Fabriqu\u00e9e par MR Collection en r\u00e9sine, cette miniature capture la magnifique livr\u00e9e verte de pr\u00e9sentation de cette pi\u00e8ce unique. Livr\u00e9e avec son socle haut de gamme et sa vitrine, cette \u00e9dition limit\u00e9e rend hommage \u00e0 l&rsquo;hypercar nomm\u00e9e d&rsquo;apr\u00e8s le cheval pr\u00e9f\u00e9r\u00e9 d&rsquo;Ettore Bugatti.<\/p>\n","protected":false},"featured_media":76793,"template":"","meta":{"_seopress_robots_primary_cat":"none","_seopress_titles_title":"","_seopress_titles_desc":"","_seopress_robots_index":""},"product_brand":[],"product_cat":[95,163],"product_tag":[84,93,92,85,86,323],"class_list":{"0":"post-76791","1":"product","2":"type-product","3":"status-publish","4":"has-post-thumbnail","6":"product_cat-mr-collection","7":"product_cat-precommandes","8":"product_tag-echelle-118","9":"product_tag-edition-limitee","10":"product_tag-resine","11":"product_tag-sans-ouvrants","12":"product_tag-socle-inclus","13":"product_tag-vitrine-incluse","15":"first","16":"instock","17":"taxable","18":"shipping-taxable","19":"purchasable","20":"product-type-simple"},"_links":{"self":[{"href":"https:\/\/modelkars.com\/fr\/wp-json\/wp\/v2\/product\/76791","targetHints":{"allow":["GET"]}}],"collection":[{"href":"https:\/\/modelkars.com\/fr\/wp-json\/wp\/v2\/product"}],"about":[{"href":"https:\/\/modelkars.com\/fr\/wp-json\/wp\/v2\/types\/product"}],"wp:featuredmedia":[{"embeddable":true,"href":"https:\/\/modelkars.com\/fr\/wp-json\/wp\/v2\/media\/76793"}],"wp:attachment":[{"href":"https:\/\/modelkars.com\/fr\/wp-json\/wp\/v2\/media?parent=76791"}],"wp:term":[{"taxonomy":"product_brand","embeddable":true,"href":"https:\/\/modelkars.com\/fr\/wp-json\/wp\/v2\/product_brand?post=76791"},{"taxonomy":"product_cat","embeddable":true,"href":"https:\/\/modelkars.com\/fr\/wp-json\/wp\/v2\/product_cat?post=76791"},{"taxonomy":"product_tag","embeddable":true,"href":"https:\/\/modelkars.com\/fr\/wp-json\/wp\/v2\/product_tag?post=76791"}],"curies":[{"name":"wp","href":"https:\/\/api.w.org\/{rel}","templated":true}]}}