{"id":76561,"date":"2025-11-08T17:58:51","date_gmt":"2025-11-08T16:58:51","guid":{"rendered":"https:\/\/modelkars.com\/?post_type=product&#038;p=76561"},"modified":"2025-12-05T20:26:34","modified_gmt":"2025-12-05T19:26:34","slug":"p18237t-ferrari-sf90-xx-stradale-rouge-f1-2004-italian-flag-stripe","status":"publish","type":"product","link":"https:\/\/modelkars.com\/fr\/shop\/bbr\/p18237t-ferrari-sf90-xx-stradale-rouge-f1-2004-italian-flag-stripe\/","title":{"rendered":"Ferrari SF90 XX Stradale"},"content":{"rendered":"","protected":false},"excerpt":{"rendered":"<p>Cette Ferrari SF90 XX Stradale \u00e0 l&rsquo;\u00e9chelle 1:18 rend hommage \u00e0 la F1 2004 de Michael Schumacher avec sa livr\u00e9e rouge et bande tricolore italienne. Fabriqu\u00e9e en r\u00e9sine par BBR, elle c\u00e9l\u00e8bre le septi\u00e8me titre mondial du pilote allemand obtenu cette ann\u00e9e-l\u00e0. La SF90 XX d\u00e9veloppe 1030 ch gr\u00e2ce \u00e0 son V8 biturbo de 797 ch associ\u00e9 \u00e0 trois moteurs \u00e9lectriques, devenant la premi\u00e8re Ferrari XX homologu\u00e9e pour la route. Mod\u00e8le livr\u00e9 sur socle haut de gamme.<\/p>\n","protected":false},"featured_media":76568,"template":"","meta":{"_seopress_robots_primary_cat":"","_seopress_titles_title":"","_seopress_titles_desc":"","_seopress_robots_index":""},"product_brand":[],"product_cat":[315,163],"product_tag":[84,93,92,85,86],"class_list":{"0":"post-76561","1":"product","2":"type-product","3":"status-publish","4":"has-post-thumbnail","6":"product_cat-bbr","7":"product_cat-precommandes","8":"product_tag-echelle-118","9":"product_tag-edition-limitee","10":"product_tag-resine","11":"product_tag-sans-ouvrants","12":"product_tag-socle-inclus","14":"first","15":"instock","16":"taxable","17":"shipping-taxable","18":"purchasable","19":"product-type-simple"},"_links":{"self":[{"href":"https:\/\/modelkars.com\/fr\/wp-json\/wp\/v2\/product\/76561","targetHints":{"allow":["GET"]}}],"collection":[{"href":"https:\/\/modelkars.com\/fr\/wp-json\/wp\/v2\/product"}],"about":[{"href":"https:\/\/modelkars.com\/fr\/wp-json\/wp\/v2\/types\/product"}],"wp:featuredmedia":[{"embeddable":true,"href":"https:\/\/modelkars.com\/fr\/wp-json\/wp\/v2\/media\/76568"}],"wp:attachment":[{"href":"https:\/\/modelkars.com\/fr\/wp-json\/wp\/v2\/media?parent=76561"}],"wp:term":[{"taxonomy":"product_brand","embeddable":true,"href":"https:\/\/modelkars.com\/fr\/wp-json\/wp\/v2\/product_brand?post=76561"},{"taxonomy":"product_cat","embeddable":true,"href":"https:\/\/modelkars.com\/fr\/wp-json\/wp\/v2\/product_cat?post=76561"},{"taxonomy":"product_tag","embeddable":true,"href":"https:\/\/modelkars.com\/fr\/wp-json\/wp\/v2\/product_tag?post=76561"}],"curies":[{"name":"wp","href":"https:\/\/api.w.org\/{rel}","templated":true}]}}