{"id":76556,"date":"2025-11-08T17:58:51","date_gmt":"2025-11-08T16:58:51","guid":{"rendered":"https:\/\/modelkars.com\/?post_type=product&#038;p=76556"},"modified":"2025-12-05T20:26:33","modified_gmt":"2025-12-05T19:26:33","slug":"ts0671-mulliner-bentley-batur-bonneville-pearl","status":"publish","type":"product","link":"https:\/\/modelkars.com\/fr\/shop\/precommandes\/ts0671-mulliner-bentley-batur-bonneville-pearl\/","title":{"rendered":"Mulliner Bentley Batur"},"content":{"rendered":"","protected":false},"excerpt":{"rendered":"<p>La Bentley Batur \u00e0 l&rsquo;\u00e9chelle 1:18 dans sa teinte Bonneville Pearl. Cette miniature en r\u00e9sine TopSpeed repr\u00e9sente l&rsquo;un des 18 coup\u00e9s coachbuilt produits \u00e0 la main par Mulliner. Ce mod\u00e8le pr\u00e9figure le design des futures Bentley \u00e9lectriques tout en c\u00e9l\u00e9brant le l\u00e9gendaire moteur W12 avant sa disparition. S\u00e9rie limit\u00e9e livr\u00e9e avec socle.<\/p>\n","protected":false},"featured_media":76596,"template":"","meta":{"_seopress_robots_primary_cat":"","_seopress_titles_title":"","_seopress_titles_desc":"","_seopress_robots_index":""},"product_brand":[],"product_cat":[163,74],"product_tag":[84,93,92,85,86],"class_list":{"0":"post-76556","1":"product","2":"type-product","3":"status-publish","4":"has-post-thumbnail","6":"product_cat-precommandes","7":"product_cat-topspeed","8":"product_tag-echelle-118","9":"product_tag-edition-limitee","10":"product_tag-resine","11":"product_tag-sans-ouvrants","12":"product_tag-socle-inclus","14":"first","15":"instock","16":"taxable","17":"shipping-taxable","18":"purchasable","19":"product-type-simple"},"_links":{"self":[{"href":"https:\/\/modelkars.com\/fr\/wp-json\/wp\/v2\/product\/76556","targetHints":{"allow":["GET"]}}],"collection":[{"href":"https:\/\/modelkars.com\/fr\/wp-json\/wp\/v2\/product"}],"about":[{"href":"https:\/\/modelkars.com\/fr\/wp-json\/wp\/v2\/types\/product"}],"wp:featuredmedia":[{"embeddable":true,"href":"https:\/\/modelkars.com\/fr\/wp-json\/wp\/v2\/media\/76596"}],"wp:attachment":[{"href":"https:\/\/modelkars.com\/fr\/wp-json\/wp\/v2\/media?parent=76556"}],"wp:term":[{"taxonomy":"product_brand","embeddable":true,"href":"https:\/\/modelkars.com\/fr\/wp-json\/wp\/v2\/product_brand?post=76556"},{"taxonomy":"product_cat","embeddable":true,"href":"https:\/\/modelkars.com\/fr\/wp-json\/wp\/v2\/product_cat?post=76556"},{"taxonomy":"product_tag","embeddable":true,"href":"https:\/\/modelkars.com\/fr\/wp-json\/wp\/v2\/product_tag?post=76556"}],"curies":[{"name":"wp","href":"https:\/\/api.w.org\/{rel}","templated":true}]}}