{"id":76549,"date":"2025-11-08T17:58:50","date_gmt":"2025-11-08T16:58:50","guid":{"rendered":"https:\/\/modelkars.com\/?post_type=product&#038;p=76549"},"modified":"2025-12-09T21:03:27","modified_gmt":"2025-12-09T20:03:27","slug":"tm18-429b-ferrari-f40-lm-44-24h-le-mans-1996-bleu-jaune-team-ennea-srl-igol","status":"publish","type":"product","link":"https:\/\/modelkars.com\/fr\/shop\/precommandes\/tm18-429b-ferrari-f40-lm-44-24h-le-mans-1996-bleu-jaune-team-ennea-srl-igol\/","title":{"rendered":"Ferrari F40 LM #44 (24h Le Mans 1996)"},"content":{"rendered":"","protected":false},"excerpt":{"rendered":"<p>Voici la Ferrari F40 LM #44 \u00e0 l&rsquo;\u00e9chelle 1:18 dans la d\u00e9coration bleu et jaune Ennea SRL Igol des 24 Heures du Mans 1996. Cette reproduction en r\u00e9sine par Tecnomodel capture l&rsquo;essence des machines de course de l&rsquo;\u00e9poque avec son capot arri\u00e8re ouvrant r\u00e9v\u00e9lant la m\u00e9canique. Seule une vingtaine de F40 LM furent produites par Michelotto entre 1989 et 1994. Ce mod\u00e8le limit\u00e9 c\u00e9l\u00e8bre l&rsquo;\u00e9quipage Olofsson\/Della Noce\/Rosenblad et comprend socle et vitrine.<\/p>\n","protected":false},"featured_media":76829,"template":"","meta":{"_seopress_robots_primary_cat":"","_seopress_titles_title":"","_seopress_titles_desc":"","_seopress_robots_index":""},"product_brand":[],"product_cat":[163,390],"product_tag":[117,84,93,92,86,323],"class_list":{"0":"post-76549","1":"product","2":"type-product","3":"status-publish","4":"has-post-thumbnail","6":"product_cat-precommandes","7":"product_cat-tecnomodel","8":"product_tag-avec-ouvrants","9":"product_tag-echelle-118","10":"product_tag-edition-limitee","11":"product_tag-resine","12":"product_tag-socle-inclus","13":"product_tag-vitrine-incluse","15":"first","16":"instock","17":"taxable","18":"shipping-taxable","19":"purchasable","20":"product-type-simple"},"_links":{"self":[{"href":"https:\/\/modelkars.com\/fr\/wp-json\/wp\/v2\/product\/76549","targetHints":{"allow":["GET"]}}],"collection":[{"href":"https:\/\/modelkars.com\/fr\/wp-json\/wp\/v2\/product"}],"about":[{"href":"https:\/\/modelkars.com\/fr\/wp-json\/wp\/v2\/types\/product"}],"wp:featuredmedia":[{"embeddable":true,"href":"https:\/\/modelkars.com\/fr\/wp-json\/wp\/v2\/media\/76829"}],"wp:attachment":[{"href":"https:\/\/modelkars.com\/fr\/wp-json\/wp\/v2\/media?parent=76549"}],"wp:term":[{"taxonomy":"product_brand","embeddable":true,"href":"https:\/\/modelkars.com\/fr\/wp-json\/wp\/v2\/product_brand?post=76549"},{"taxonomy":"product_cat","embeddable":true,"href":"https:\/\/modelkars.com\/fr\/wp-json\/wp\/v2\/product_cat?post=76549"},{"taxonomy":"product_tag","embeddable":true,"href":"https:\/\/modelkars.com\/fr\/wp-json\/wp\/v2\/product_tag?post=76549"}],"curies":[{"name":"wp","href":"https:\/\/api.w.org\/{rel}","templated":true}]}}