{"id":76364,"date":"2025-11-05T17:31:38","date_gmt":"2025-11-05T16:31:38","guid":{"rendered":"https:\/\/modelkars.com\/?post_type=product&#038;p=76364"},"modified":"2026-04-15T17:03:26","modified_gmt":"2026-04-15T15:03:26","slug":"gt540-range-rover-p615-sv-blue","status":"publish","type":"product","link":"https:\/\/modelkars.com\/fr\/shop\/gt-spirit\/gt540-range-rover-p615-sv-blue\/","title":{"rendered":"Range Rover P615 SV"},"content":{"rendered":"","protected":false},"excerpt":{"rendered":"<p>Cette Range Rover P615 SV \u00e0 l&rsquo;\u00e9chelle 1:18\u00e8me est \u00e9dit\u00e9e par GT Spirit en coloris bleu. Fabriqu\u00e9e en r\u00e9sine et produite en s\u00e9rie limit\u00e9e, elle reproduit la version haute performance du SUV britannique. Le badge SV d\u00e9signe les cr\u00e9ations du d\u00e9partement Special Vehicle Operations de Land Rover, r\u00e9serv\u00e9es aux mod\u00e8les les plus exclusifs et performants de la gamme.<\/p>\n","protected":false},"featured_media":76378,"template":"","meta":{"_seopress_robots_primary_cat":"","_seopress_titles_title":"","_seopress_titles_desc":"","_seopress_robots_index":""},"product_brand":[],"product_cat":[71,163],"product_tag":[676,84,93,92,85],"class_list":{"0":"post-76364","1":"product","2":"type-product","3":"status-publish","4":"has-post-thumbnail","6":"product_cat-gt-spirit","7":"product_cat-precommandes","8":"product_tag-avril-2026","9":"product_tag-echelle-118","10":"product_tag-edition-limitee","11":"product_tag-resine","12":"product_tag-sans-ouvrants","14":"first","15":"outofstock","16":"taxable","17":"shipping-taxable","18":"purchasable","19":"product-type-simple"},"_links":{"self":[{"href":"https:\/\/modelkars.com\/fr\/wp-json\/wp\/v2\/product\/76364","targetHints":{"allow":["GET"]}}],"collection":[{"href":"https:\/\/modelkars.com\/fr\/wp-json\/wp\/v2\/product"}],"about":[{"href":"https:\/\/modelkars.com\/fr\/wp-json\/wp\/v2\/types\/product"}],"wp:featuredmedia":[{"embeddable":true,"href":"https:\/\/modelkars.com\/fr\/wp-json\/wp\/v2\/media\/76378"}],"wp:attachment":[{"href":"https:\/\/modelkars.com\/fr\/wp-json\/wp\/v2\/media?parent=76364"}],"wp:term":[{"taxonomy":"product_brand","embeddable":true,"href":"https:\/\/modelkars.com\/fr\/wp-json\/wp\/v2\/product_brand?post=76364"},{"taxonomy":"product_cat","embeddable":true,"href":"https:\/\/modelkars.com\/fr\/wp-json\/wp\/v2\/product_cat?post=76364"},{"taxonomy":"product_tag","embeddable":true,"href":"https:\/\/modelkars.com\/fr\/wp-json\/wp\/v2\/product_tag?post=76364"}],"curies":[{"name":"wp","href":"https:\/\/api.w.org\/{rel}","templated":true}]}}