{"id":76363,"date":"2025-11-05T17:31:38","date_gmt":"2025-11-05T16:31:38","guid":{"rendered":"https:\/\/modelkars.com\/?post_type=product&#038;p=76363"},"modified":"2026-04-15T17:30:50","modified_gmt":"2026-04-15T15:30:50","slug":"gt573-ac-schnitzer-acs2-sport-polizei-polizei-livery","status":"publish","type":"product","link":"https:\/\/modelkars.com\/fr\/shop\/gt-spirit\/gt573-ac-schnitzer-acs2-sport-polizei-polizei-livery\/","title":{"rendered":"AC Schnitzer ACS2 Sport Polizei"},"content":{"rendered":"","protected":false},"excerpt":{"rendered":"<p>GT Spirit pr\u00e9sente cette AC Schnitzer ACS2 Sport Polizei \u00e0 l&rsquo;\u00e9chelle 1:18 dans une livr\u00e9e Polizei. R\u00e9alis\u00e9e en r\u00e9sine et produite en s\u00e9rie limit\u00e9e, cette miniature reproduit une pr\u00e9paration sportive aux couleurs de la police. AC Schnitzer, fond\u00e9 en 1987, est l&rsquo;un des rares pr\u00e9parateurs BMW \u00e0 \u00eatre officiellement reconnu par la marque bavaroise.<\/p>\n","protected":false},"featured_media":76383,"template":"","meta":{"_seopress_robots_primary_cat":"","_seopress_titles_title":"","_seopress_titles_desc":"","_seopress_robots_index":""},"product_brand":[],"product_cat":[71,163],"product_tag":[676,84,93,92,85],"class_list":{"0":"post-76363","1":"product","2":"type-product","3":"status-publish","4":"has-post-thumbnail","6":"product_cat-gt-spirit","7":"product_cat-precommandes","8":"product_tag-avril-2026","9":"product_tag-echelle-118","10":"product_tag-edition-limitee","11":"product_tag-resine","12":"product_tag-sans-ouvrants","14":"first","15":"instock","16":"taxable","17":"shipping-taxable","18":"purchasable","19":"product-type-simple"},"_links":{"self":[{"href":"https:\/\/modelkars.com\/fr\/wp-json\/wp\/v2\/product\/76363","targetHints":{"allow":["GET"]}}],"collection":[{"href":"https:\/\/modelkars.com\/fr\/wp-json\/wp\/v2\/product"}],"about":[{"href":"https:\/\/modelkars.com\/fr\/wp-json\/wp\/v2\/types\/product"}],"wp:featuredmedia":[{"embeddable":true,"href":"https:\/\/modelkars.com\/fr\/wp-json\/wp\/v2\/media\/76383"}],"wp:attachment":[{"href":"https:\/\/modelkars.com\/fr\/wp-json\/wp\/v2\/media?parent=76363"}],"wp:term":[{"taxonomy":"product_brand","embeddable":true,"href":"https:\/\/modelkars.com\/fr\/wp-json\/wp\/v2\/product_brand?post=76363"},{"taxonomy":"product_cat","embeddable":true,"href":"https:\/\/modelkars.com\/fr\/wp-json\/wp\/v2\/product_cat?post=76363"},{"taxonomy":"product_tag","embeddable":true,"href":"https:\/\/modelkars.com\/fr\/wp-json\/wp\/v2\/product_tag?post=76363"}],"curies":[{"name":"wp","href":"https:\/\/api.w.org\/{rel}","templated":true}]}}