{"id":76361,"date":"2025-11-05T17:31:38","date_gmt":"2025-11-05T16:31:38","guid":{"rendered":"https:\/\/modelkars.com\/?post_type=product&#038;p=76361"},"modified":"2025-12-01T01:51:37","modified_gmt":"2025-12-01T00:51:37","slug":"gt566-porsche-911-rwb-sandstorm-beige","status":"publish","type":"product","link":"https:\/\/modelkars.com\/fr\/shop\/gt-spirit\/gt566-porsche-911-rwb-sandstorm-beige\/","title":{"rendered":"Porsche 911 RWB Sandstorm"},"content":{"rendered":"","protected":false},"excerpt":{"rendered":"<p>GT Spirit reproduit cette Porsche 911 RWB Sandstorm \u00e0 l&rsquo;\u00e9chelle 1:18 dans une teinte beige. R\u00e9alis\u00e9e en r\u00e9sine et produite en s\u00e9rie limit\u00e9e, cette miniature capture l&rsquo;univers unique de RAUH-Welt BEGRIFF. Akira Nakai, fondateur de RWB, construit chaque voiture de ses propres mains et refuse de travailler sur plusieurs projets simultan\u00e9ment, rendant chaque cr\u00e9ation v\u00e9ritablement unique.<\/p>\n","protected":false},"featured_media":76381,"template":"","meta":{"_seopress_robots_primary_cat":"","_seopress_titles_title":"","_seopress_titles_desc":"","_seopress_robots_index":""},"product_brand":[],"product_cat":[71,163],"product_tag":[676,84,93,92,85],"class_list":{"0":"post-76361","1":"product","2":"type-product","3":"status-publish","4":"has-post-thumbnail","6":"product_cat-gt-spirit","7":"product_cat-precommandes","8":"product_tag-avril-2026","9":"product_tag-echelle-118","10":"product_tag-edition-limitee","11":"product_tag-resine","12":"product_tag-sans-ouvrants","14":"first","15":"instock","16":"taxable","17":"shipping-taxable","18":"purchasable","19":"product-type-simple"},"_links":{"self":[{"href":"https:\/\/modelkars.com\/fr\/wp-json\/wp\/v2\/product\/76361","targetHints":{"allow":["GET"]}}],"collection":[{"href":"https:\/\/modelkars.com\/fr\/wp-json\/wp\/v2\/product"}],"about":[{"href":"https:\/\/modelkars.com\/fr\/wp-json\/wp\/v2\/types\/product"}],"wp:featuredmedia":[{"embeddable":true,"href":"https:\/\/modelkars.com\/fr\/wp-json\/wp\/v2\/media\/76381"}],"wp:attachment":[{"href":"https:\/\/modelkars.com\/fr\/wp-json\/wp\/v2\/media?parent=76361"}],"wp:term":[{"taxonomy":"product_brand","embeddable":true,"href":"https:\/\/modelkars.com\/fr\/wp-json\/wp\/v2\/product_brand?post=76361"},{"taxonomy":"product_cat","embeddable":true,"href":"https:\/\/modelkars.com\/fr\/wp-json\/wp\/v2\/product_cat?post=76361"},{"taxonomy":"product_tag","embeddable":true,"href":"https:\/\/modelkars.com\/fr\/wp-json\/wp\/v2\/product_tag?post=76361"}],"curies":[{"name":"wp","href":"https:\/\/api.w.org\/{rel}","templated":true}]}}