{"id":76359,"date":"2025-11-05T17:31:38","date_gmt":"2025-11-05T16:31:38","guid":{"rendered":"https:\/\/modelkars.com\/?post_type=product&#038;p=76359"},"modified":"2026-04-15T17:13:42","modified_gmt":"2026-04-15T15:13:42","slug":"gt577-porsche-911-992-2-gt3-touring-grey","status":"publish","type":"product","link":"https:\/\/modelkars.com\/fr\/shop\/gt-spirit\/gt577-porsche-911-992-2-gt3-touring-grey\/","title":{"rendered":"Porsche 911 (992.2) GT3 Touring"},"content":{"rendered":"","protected":false},"excerpt":{"rendered":"<p>GT Spirit pr\u00e9sente cette Porsche 911 (992.2) GT3 Touring \u00e0 l&rsquo;\u00e9chelle 1:18 dans une finition grise. R\u00e9alis\u00e9e en r\u00e9sine et produite en s\u00e9rie limit\u00e9e, cette miniature rend hommage \u00e0 la version la plus discr\u00e8te de la GT3. La GT3 Touring se distingue par l&rsquo;absence d&rsquo;aileron arri\u00e8re fixe, adoptant une approche plus \u00e9pur\u00e9e tout en conservant les performances pures de la GT3.<\/p>\n","protected":false},"featured_media":76384,"template":"","meta":{"_seopress_robots_primary_cat":"","_seopress_titles_title":"","_seopress_titles_desc":"","_seopress_robots_index":""},"product_brand":[],"product_cat":[71,163],"product_tag":[676,84,93,92,85],"class_list":{"0":"post-76359","1":"product","2":"type-product","3":"status-publish","4":"has-post-thumbnail","6":"product_cat-gt-spirit","7":"product_cat-precommandes","8":"product_tag-avril-2026","9":"product_tag-echelle-118","10":"product_tag-edition-limitee","11":"product_tag-resine","12":"product_tag-sans-ouvrants","14":"first","15":"outofstock","16":"taxable","17":"shipping-taxable","18":"purchasable","19":"product-type-simple"},"_links":{"self":[{"href":"https:\/\/modelkars.com\/fr\/wp-json\/wp\/v2\/product\/76359","targetHints":{"allow":["GET"]}}],"collection":[{"href":"https:\/\/modelkars.com\/fr\/wp-json\/wp\/v2\/product"}],"about":[{"href":"https:\/\/modelkars.com\/fr\/wp-json\/wp\/v2\/types\/product"}],"wp:featuredmedia":[{"embeddable":true,"href":"https:\/\/modelkars.com\/fr\/wp-json\/wp\/v2\/media\/76384"}],"wp:attachment":[{"href":"https:\/\/modelkars.com\/fr\/wp-json\/wp\/v2\/media?parent=76359"}],"wp:term":[{"taxonomy":"product_brand","embeddable":true,"href":"https:\/\/modelkars.com\/fr\/wp-json\/wp\/v2\/product_brand?post=76359"},{"taxonomy":"product_cat","embeddable":true,"href":"https:\/\/modelkars.com\/fr\/wp-json\/wp\/v2\/product_cat?post=76359"},{"taxonomy":"product_tag","embeddable":true,"href":"https:\/\/modelkars.com\/fr\/wp-json\/wp\/v2\/product_tag?post=76359"}],"curies":[{"name":"wp","href":"https:\/\/api.w.org\/{rel}","templated":true}]}}