{"id":76357,"date":"2025-11-05T17:31:37","date_gmt":"2025-11-05T16:31:37","guid":{"rendered":"https:\/\/modelkars.com\/?post_type=product&#038;p=76357"},"modified":"2026-01-02T20:58:29","modified_gmt":"2026-01-02T19:58:29","slug":"gt497-porsche-911-992-1-gt3-rs-blue","status":"publish","type":"product","link":"https:\/\/modelkars.com\/fr\/shop\/gt-spirit\/gt497-porsche-911-992-1-gt3-rs-blue\/","title":{"rendered":"Porsche 911 (992.1) GT3 RS"},"content":{"rendered":"","protected":false},"excerpt":{"rendered":"<p>GT Spirit reproduit cette Porsche 911 (992.1) GT3 RS \u00e0 l&rsquo;\u00e9chelle 1:12 dans une teinte bleue. R\u00e9alis\u00e9e en r\u00e9sine et produite en s\u00e9rie limit\u00e9e, cette miniature capture la quintessence du mod\u00e8le circuit. Les suspensions \u00e0 biellettes de la GT3 RS s&rsquo;inspirent directement des technologies utilis\u00e9es en Formule 1 et en endurance.<\/p>\n","protected":false},"featured_media":76377,"template":"","meta":{"_seopress_robots_primary_cat":"","_seopress_titles_title":"","_seopress_titles_desc":"","_seopress_robots_index":""},"product_brand":[],"product_cat":[71,163],"product_tag":[676,188,93,92,85],"class_list":{"0":"post-76357","1":"product","2":"type-product","3":"status-publish","4":"has-post-thumbnail","6":"product_cat-gt-spirit","7":"product_cat-precommandes","8":"product_tag-avril-2026","9":"product_tag-echelle-112","10":"product_tag-edition-limitee","11":"product_tag-resine","12":"product_tag-sans-ouvrants","14":"first","15":"outofstock","16":"taxable","17":"shipping-taxable","18":"purchasable","19":"product-type-simple"},"_links":{"self":[{"href":"https:\/\/modelkars.com\/fr\/wp-json\/wp\/v2\/product\/76357","targetHints":{"allow":["GET"]}}],"collection":[{"href":"https:\/\/modelkars.com\/fr\/wp-json\/wp\/v2\/product"}],"about":[{"href":"https:\/\/modelkars.com\/fr\/wp-json\/wp\/v2\/types\/product"}],"wp:featuredmedia":[{"embeddable":true,"href":"https:\/\/modelkars.com\/fr\/wp-json\/wp\/v2\/media\/76377"}],"wp:attachment":[{"href":"https:\/\/modelkars.com\/fr\/wp-json\/wp\/v2\/media?parent=76357"}],"wp:term":[{"taxonomy":"product_brand","embeddable":true,"href":"https:\/\/modelkars.com\/fr\/wp-json\/wp\/v2\/product_brand?post=76357"},{"taxonomy":"product_cat","embeddable":true,"href":"https:\/\/modelkars.com\/fr\/wp-json\/wp\/v2\/product_cat?post=76357"},{"taxonomy":"product_tag","embeddable":true,"href":"https:\/\/modelkars.com\/fr\/wp-json\/wp\/v2\/product_tag?post=76357"}],"curies":[{"name":"wp","href":"https:\/\/api.w.org\/{rel}","templated":true}]}}