{"id":76258,"date":"2025-10-30T17:26:54","date_gmt":"2025-10-30T16:26:54","guid":{"rendered":"https:\/\/modelkars.com\/?post_type=product&#038;p=76258"},"modified":"2026-01-22T10:16:09","modified_gmt":"2026-01-22T09:16:09","slug":"18s728-ford-supervan-4-red-bull","status":"publish","type":"product","link":"https:\/\/modelkars.com\/fr\/shop\/spark\/18s728-ford-supervan-4-red-bull\/","title":{"rendered":"Ford Supervan 4 Redbull"},"content":{"rendered":"","protected":false},"excerpt":{"rendered":"<p>Cette miniature \u00e0 l&rsquo;\u00e9chelle 1:18 reproduit le Ford Supervan 4 avec une livr\u00e9e Red Bull pilot\u00e9 par Max Verstappen lors de ses d\u00e9monstrations au Circuit du Grand Sambuc en 2023. R\u00e9alis\u00e9e en r\u00e9sine par Spark, elle est accompagn\u00e9e d&rsquo;un socle et d&rsquo;une vitrine. Ce v\u00e9hicule \u00e9lectrique d\u00e9veloppe 1400 chevaux et perp\u00e9tue une tradition Ford d\u00e9but\u00e9e en 1971, lorsque le premier Supervan dissimulait le moteur V8 d&rsquo;une GT40 sous une carrosserie de Transit.<\/p>\n","protected":false},"featured_media":76260,"template":"","meta":{"_seopress_robots_primary_cat":"","_seopress_titles_title":"","_seopress_titles_desc":"","_seopress_robots_index":""},"product_brand":[],"product_cat":[216],"product_tag":[84,92,85,86,323],"class_list":{"0":"post-76258","1":"product","2":"type-product","3":"status-publish","4":"has-post-thumbnail","6":"product_cat-spark","7":"product_tag-echelle-118","8":"product_tag-resine","9":"product_tag-sans-ouvrants","10":"product_tag-socle-inclus","11":"product_tag-vitrine-incluse","13":"first","14":"outofstock","15":"taxable","16":"shipping-taxable","17":"purchasable","18":"product-type-simple"},"_links":{"self":[{"href":"https:\/\/modelkars.com\/fr\/wp-json\/wp\/v2\/product\/76258","targetHints":{"allow":["GET"]}}],"collection":[{"href":"https:\/\/modelkars.com\/fr\/wp-json\/wp\/v2\/product"}],"about":[{"href":"https:\/\/modelkars.com\/fr\/wp-json\/wp\/v2\/types\/product"}],"wp:featuredmedia":[{"embeddable":true,"href":"https:\/\/modelkars.com\/fr\/wp-json\/wp\/v2\/media\/76260"}],"wp:attachment":[{"href":"https:\/\/modelkars.com\/fr\/wp-json\/wp\/v2\/media?parent=76258"}],"wp:term":[{"taxonomy":"product_brand","embeddable":true,"href":"https:\/\/modelkars.com\/fr\/wp-json\/wp\/v2\/product_brand?post=76258"},{"taxonomy":"product_cat","embeddable":true,"href":"https:\/\/modelkars.com\/fr\/wp-json\/wp\/v2\/product_cat?post=76258"},{"taxonomy":"product_tag","embeddable":true,"href":"https:\/\/modelkars.com\/fr\/wp-json\/wp\/v2\/product_tag?post=76258"}],"curies":[{"name":"wp","href":"https:\/\/api.w.org\/{rel}","templated":true}]}}